{"id":23791,"date":"2025-04-14T21:48:34","date_gmt":"2025-04-14T21:48:34","guid":{"rendered":"https:\/\/new.hyde-seek.com\/?page_id=23791"},"modified":"2025-09-26T07:29:18","modified_gmt":"2025-09-26T07:29:18","slug":"flowprofiler","status":"publish","type":"page","link":"https:\/\/hyde-seek.com\/en\/flowprofiler\/","title":{"rendered":"Flowprofiler"},"content":{"rendered":"<div data-elementor-type=\"wp-page\" data-elementor-id=\"23791\" class=\"elementor elementor-23791\">\n\t\t\t\t        <section data-particle_enable=\"false\" data-particle-mobile-disabled=\"false\" class=\"elementor-section elementor-top-section elementor-element elementor-element-e10919c elementor-section-stretched elementor-section-boxed elementor-section-height-default elementor-section-height-default pxl-row-scroll-none pxl-zoom-point-false pxl-section-overflow-visible pxl-section-fix-none pxl-bg-color-none pxl-section-overlay-none\" data-id=\"e10919c\" data-element_type=\"section\" data-e-type=\"section\" data-settings=\"{&quot;stretch_section&quot;:&quot;section-stretched&quot;}\">\n\n                \n                <div class=\"elementor-container elementor-column-gap-extended\">\n                <div class=\"elementor-column elementor-col-50 elementor-top-column elementor-element elementor-element-8919923 pxl-column-none pxl-column-overflow-hidden-no\" data-id=\"8919923\" data-element_type=\"column\" data-e-type=\"column\">\r\n        <div class=\"elementor-widget-wrap elementor-element-populated\">\r\n                     \r\n        \t\t<div class=\"elementor-element elementor-element-bef7b53 elementor-widget__width-initial elementor-widget-tablet__width-inherit elementor-hidden-tablet elementor-hidden-mobile_extra elementor-hidden-mobile elementor-widget elementor-widget-pxl_image\" data-id=\"bef7b53\" data-element_type=\"widget\" data-e-type=\"widget\" data-widget_type=\"pxl_image.default\">\n\t\t\t\t<div class=\"elementor-widget-container\">\n\t\t\t\t\t<div id=\"pxl_image-bef7b53-2503\"  class=\"pxl-image-single\"  data-wow-delay=\"ms\" \r\n      \r\n          data-parallax-value = \"0\">\r\n    <div class=\"pxl-item--inner\" data-wow-delay=\"120ms\">\r\n                                    <div class=\"pxl-item--image\" >\r\n                                            <img fetchpriority=\"high\" decoding=\"async\" width=\"2560\" height=\"1707\" src=\"https:\/\/hyde-seek.com\/wp-content\/uploads\/2025\/09\/pexels-mikhail-nilov-7682464-scaled-1.jpg\" class=\"no-lazyload attachment-full\" alt=\"\" \/>                                    <\/div>\r\n                                                                    <\/div>\r\n<\/div>\r\n\t\t\t\t<\/div>\n\t\t\t\t<\/div>\n\t\t            <\/div>\r\n        <\/div>\r\n                <div class=\"elementor-column elementor-col-50 elementor-top-column elementor-element elementor-element-a9e5c83 pxl-column-none pxl-column-overflow-hidden-no\" data-id=\"a9e5c83\" data-element_type=\"column\" data-e-type=\"column\">\r\n        <div class=\"elementor-widget-wrap elementor-element-populated\">\r\n                     \r\n        \t\t<div class=\"elementor-element elementor-element-c441a33 elementor-widget elementor-widget-pxl_heading\" data-id=\"c441a33\" data-element_type=\"widget\" data-e-type=\"widget\" data-widget_type=\"pxl_heading.default\">\n\t\t\t\t<div class=\"elementor-widget-container\">\n\t\t\t\t\t\n<div id=\"pxl-pxl_heading-c441a33-7454\" class=\"pxl-heading  pxl-subtitle-box-3\" >\n\t<div class=\"pxl-heading--container\" >\n\t\t<div class=\"pxl-heading--inner\">\n\t\t\t\t\t\t\t<div class=\"pxl-item--subtitle wow fadeInUp\" data-wow-delay=\"ms\">\n\t\t\t\t\t<span class=\"pxl-item--subtext\">\n\t\t\t\t\t\tFlowprofiler\t\t\t\t\t<\/span>\n\t\t\t\t<\/div>\n\t\t\t\t\t\t\t\t\t<h3 class=\"pxl-item--title pxl-heading-default  wow fadeInUp\" data-wow-delay=\"ms\">\n\t\t\t\tAssessments for organizational success\t\t\t\t\t\n\t\t\t\t\t\t\t<\/h3>\n\t\t<\/div>\n\t\t\n\t<\/div>\n<\/div>\n\t\t\t\t<\/div>\n\t\t\t\t<\/div>\n\t\t\t\t<div class=\"elementor-element elementor-element-7b6f3d2 elementor-widget elementor-widget-text-editor\" data-id=\"7b6f3d2\" data-element_type=\"widget\" data-e-type=\"widget\" data-widget_type=\"text-editor.default\">\n\t\t\t\t<div class=\"elementor-widget-container\">\n\t\t\t\t\t\t\t\t\t<h5>Hyde &amp; Seek is the exclusive representative of Flowprofiler\u00ae in Mexico, an innovative tool that measures emotional and behavioral competencies to improve performance and effectiveness in organizations.<\/h5>\t\t\t\t\t\t\t\t<\/div>\n\t\t\t\t<\/div>\n\t\t\t\t<div class=\"elementor-element elementor-element-fe8d2b9 elementor-widget elementor-widget-text-editor\" data-id=\"fe8d2b9\" data-element_type=\"widget\" data-e-type=\"widget\" data-widget_type=\"text-editor.default\">\n\t\t\t\t<div class=\"elementor-widget-container\">\n\t\t\t\t\t\t\t\t\t<h3>Benefits<\/h3>\t\t\t\t\t\t\t\t<\/div>\n\t\t\t\t<\/div>\n\t\t\t\t<div class=\"elementor-element elementor-element-78e9940 elementor-widget elementor-widget-text-editor\" data-id=\"78e9940\" data-element_type=\"widget\" data-e-type=\"widget\" data-widget_type=\"text-editor.default\">\n\t\t\t\t<div class=\"elementor-widget-container\">\n\t\t\t\t\t\t\t\t\t<ul><li>Accurate assessments for talent identification.<\/li><li>Development of key skills for organizational success.<\/li><li>Improved performance and adaptation in high performance teams.<\/li><\/ul>\t\t\t\t\t\t\t\t<\/div>\n\t\t\t\t<\/div>\n\t\t            <\/div>\r\n        <\/div>\r\n        \t\t\t<\/div>\n\t\t<\/section>\n\t\t        <section data-particle_enable=\"false\" data-particle-mobile-disabled=\"false\" class=\"elementor-section elementor-top-section elementor-element elementor-element-ff4fdac elementor-section-stretched elementor-hidden-widescreen elementor-hidden-desktop elementor-hidden-laptop elementor-hidden-tablet_extra elementor-hidden-tablet elementor-hidden-mobile_extra elementor-hidden-mobile elementor-section-boxed elementor-section-height-default elementor-section-height-default pxl-row-scroll-none pxl-zoom-point-false pxl-section-overflow-visible pxl-section-fix-none pxl-bg-color-none pxl-section-overlay-none\" data-id=\"ff4fdac\" data-element_type=\"section\" data-e-type=\"section\" data-settings=\"{&quot;stretch_section&quot;:&quot;section-stretched&quot;}\">\n\n                \n                <div class=\"elementor-container elementor-column-gap-extended\">\n                <div class=\"elementor-column elementor-col-25 elementor-top-column elementor-element elementor-element-466969a pxl-column-none pxl-column-overflow-hidden-no\" data-id=\"466969a\" data-element_type=\"column\" data-e-type=\"column\">\r\n        <div class=\"elementor-widget-wrap elementor-element-populated\">\r\n                     \r\n        \t\t<div class=\"elementor-element elementor-element-5db614b elementor-widget elementor-widget-pxl_icon_box\" data-id=\"5db614b\" data-element_type=\"widget\" data-e-type=\"widget\" data-widget_type=\"pxl_icon_box.default\">\n\t\t\t\t<div class=\"elementor-widget-container\">\n\t\t\t\t\t\r\n<div class=\"pxl-icon-box pxl-icon-box1 round-box-icon4\" data-wow-delay=\"ms\">\r\n    <div class=\"pxl-item--inner\">\r\n        <!-- Show icon -->\r\n                \r\n\r\n\r\n                    <div class=\"pxl-item--icon pxl-item--index h5 pxl-white pxl-bg-dark-300\">1<\/div>\r\n        \r\n        <!-- Content -->\r\n        <div class=\"pxl-item--content\">\r\n            <!-- Title -->\r\n            <h4 class=\"pxl-item--title el-empty\">\r\n                Needs assessment            <\/h4>\r\n            <!-- Description -->\r\n            <div class=\"pxl-item--description el-empty\">\r\n                We analyze the company's structure and objectives.            <\/div>\r\n            <!-- Link -->\r\n                    <\/div>        \r\n    <\/div>\r\n<\/div>\r\n\r\n\r\n\r\n\r\n\r\n\r\n<!--  -->\r\n\t\t\t\t<\/div>\n\t\t\t\t<\/div>\n\t\t            <\/div>\r\n        <\/div>\r\n                <div class=\"elementor-column elementor-col-25 elementor-top-column elementor-element elementor-element-cbe4635 pxl-column-none pxl-column-overflow-hidden-no\" data-id=\"cbe4635\" data-element_type=\"column\" data-e-type=\"column\">\r\n        <div class=\"elementor-widget-wrap elementor-element-populated\">\r\n                     \r\n        \t\t<div class=\"elementor-element elementor-element-745b390 elementor-widget elementor-widget-pxl_icon_box\" data-id=\"745b390\" data-element_type=\"widget\" data-e-type=\"widget\" data-widget_type=\"pxl_icon_box.default\">\n\t\t\t\t<div class=\"elementor-widget-container\">\n\t\t\t\t\t\r\n<div class=\"pxl-icon-box pxl-icon-box1 round-box-icon4\" data-wow-delay=\"ms\">\r\n    <div class=\"pxl-item--inner\">\r\n        <!-- Show icon -->\r\n                \r\n\r\n\r\n                    <div class=\"pxl-item--icon pxl-item--index h5 pxl-white pxl-bg-dark-300\">2<\/div>\r\n        \r\n        <!-- Content -->\r\n        <div class=\"pxl-item--content\">\r\n            <!-- Title -->\r\n            <h4 class=\"pxl-item--title el-empty\">\r\n                Selection methodology            <\/h4>\r\n            <!-- Description -->\r\n            <div class=\"pxl-item--description el-empty\">\r\n                We evaluate with state-of-the-art processes.            <\/div>\r\n            <!-- Link -->\r\n                    <\/div>        \r\n    <\/div>\r\n<\/div>\r\n\r\n\r\n\r\n\r\n\r\n\r\n<!--  -->\r\n\t\t\t\t<\/div>\n\t\t\t\t<\/div>\n\t\t            <\/div>\r\n        <\/div>\r\n                <div class=\"elementor-column elementor-col-25 elementor-top-column elementor-element elementor-element-549cc83 pxl-column-none pxl-column-overflow-hidden-no\" data-id=\"549cc83\" data-element_type=\"column\" data-e-type=\"column\">\r\n        <div class=\"elementor-widget-wrap elementor-element-populated\">\r\n                     \r\n        \t\t<div class=\"elementor-element elementor-element-67ee9bc elementor-widget elementor-widget-pxl_icon_box\" data-id=\"67ee9bc\" data-element_type=\"widget\" data-e-type=\"widget\" data-widget_type=\"pxl_icon_box.default\">\n\t\t\t\t<div class=\"elementor-widget-container\">\n\t\t\t\t\t\r\n<div class=\"pxl-icon-box pxl-icon-box1 round-box-icon4\" data-wow-delay=\"ms\">\r\n    <div class=\"pxl-item--inner\">\r\n        <!-- Show icon -->\r\n                \r\n\r\n\r\n                    <div class=\"pxl-item--icon pxl-item--index h5 pxl-white pxl-bg-dark-300\">3<\/div>\r\n        \r\n        <!-- Content -->\r\n        <div class=\"pxl-item--content\">\r\n            <!-- Title -->\r\n            <h4 class=\"pxl-item--title el-empty\">\r\n                Evaluation of competencies            <\/h4>\r\n            <!-- Description -->\r\n            <div class=\"pxl-item--description el-empty\">\r\n                We analyze technical skills and soft skills.            <\/div>\r\n            <!-- Link -->\r\n                    <\/div>        \r\n    <\/div>\r\n<\/div>\r\n\r\n\r\n\r\n\r\n\r\n\r\n<!--  -->\r\n\t\t\t\t<\/div>\n\t\t\t\t<\/div>\n\t\t            <\/div>\r\n        <\/div>\r\n                <div class=\"elementor-column elementor-col-25 elementor-top-column elementor-element elementor-element-b7add86 pxl-column-none pxl-column-overflow-hidden-no\" data-id=\"b7add86\" data-element_type=\"column\" data-e-type=\"column\">\r\n        <div class=\"elementor-widget-wrap elementor-element-populated\">\r\n                     \r\n        \t\t<div class=\"elementor-element elementor-element-58cd221 elementor-widget elementor-widget-pxl_icon_box\" data-id=\"58cd221\" data-element_type=\"widget\" data-e-type=\"widget\" data-widget_type=\"pxl_icon_box.default\">\n\t\t\t\t<div class=\"elementor-widget-container\">\n\t\t\t\t\t\r\n<div class=\"pxl-icon-box pxl-icon-box1 round-box-icon4\" data-wow-delay=\"ms\">\r\n    <div class=\"pxl-item--inner\">\r\n        <!-- Show icon -->\r\n                \r\n\r\n\r\n                    <div class=\"pxl-item--icon pxl-item--index h5 pxl-white pxl-bg-dark-300\">4<\/div>\r\n        \r\n        <!-- Content -->\r\n        <div class=\"pxl-item--content\">\r\n            <!-- Title -->\r\n            <h4 class=\"pxl-item--title el-empty\">\r\n                Quality assurance            <\/h4>\r\n            <!-- Description -->\r\n            <div class=\"pxl-item--description el-empty\">\r\n                We accompany the whole process for a successful integration.            <\/div>\r\n            <!-- Link -->\r\n                    <\/div>        \r\n    <\/div>\r\n<\/div>\r\n\r\n\r\n\r\n\r\n\r\n\r\n<!--  -->\r\n\t\t\t\t<\/div>\n\t\t\t\t<\/div>\n\t\t            <\/div>\r\n        <\/div>\r\n        \t\t\t<\/div>\n\t\t<\/section>\n\t\t        <section data-particle_enable=\"false\" data-particle-mobile-disabled=\"false\" class=\"elementor-section elementor-top-section elementor-element elementor-element-bf3020f elementor-section-full_width elementor-section-stretched elementor-section-height-default elementor-section-height-default pxl-row-scroll-none pxl-zoom-point-false pxl-section-overflow-visible pxl-section-fix-none pxl-full-content-with-space-none pxl-bg-color-none pxl-section-overlay-none\" data-id=\"bf3020f\" data-element_type=\"section\" data-e-type=\"section\" data-settings=\"{&quot;stretch_section&quot;:&quot;section-stretched&quot;}\">\n\n                \n                <div class=\"elementor-container elementor-column-gap-extended\">\n                <div class=\"elementor-column elementor-col-50 elementor-top-column elementor-element elementor-element-ea87c03 pxl-column-none pxl-column-overflow-hidden-no\" data-id=\"ea87c03\" data-element_type=\"column\" data-e-type=\"column\" data-settings=\"{&quot;background_background&quot;:&quot;classic&quot;}\">\r\n        <div class=\"elementor-widget-wrap elementor-element-populated\">\r\n                     \r\n        \t\t<div class=\"elementor-element elementor-element-b4f22bc elementor-widget__width-inherit elementor-absolute elementor-widget elementor-widget-pxl_image\" data-id=\"b4f22bc\" data-element_type=\"widget\" data-e-type=\"widget\" data-settings=\"{&quot;_position&quot;:&quot;absolute&quot;}\" data-widget_type=\"pxl_image.default\">\n\t\t\t\t<div class=\"elementor-widget-container\">\n\t\t\t\t\t<div id=\"pxl_image-b4f22bc-8984\"  class=\"pxl-image-single\"  data-wow-delay=\"ms\" \r\n      \r\n          data-parallax-value = \"0\">\r\n    <div class=\"pxl-item--inner\" data-wow-delay=\"120ms\">\r\n                                    <div class=\"pxl-item--image\" >\r\n                                            <img decoding=\"async\" width=\"940\" height=\"886\" src=\"https:\/\/hyde-seek.com\/wp-content\/uploads\/2024\/04\/elipse-14.png\" class=\"no-lazyload attachment-full\" alt=\"\" \/>                                    <\/div>\r\n                                                                    <\/div>\r\n<\/div>\r\n\t\t\t\t<\/div>\n\t\t\t\t<\/div>\n\t\t\t\t<div class=\"elementor-element elementor-element-2b1f8ee elementor-widget elementor-widget-pxl_heading\" data-id=\"2b1f8ee\" data-element_type=\"widget\" data-e-type=\"widget\" data-widget_type=\"pxl_heading.default\">\n\t\t\t\t<div class=\"elementor-widget-container\">\n\t\t\t\t\t\n<div id=\"pxl-pxl_heading-2b1f8ee-1073\" class=\"pxl-heading  pxl-subtitle-box-4\" >\n\t<div class=\"pxl-heading--container\" >\n\t\t<div class=\"pxl-heading--inner\">\n\t\t\t\t\t\t\t\t\t<h2 class=\"pxl-item--title pxl-heading-default  wow fadeInUp\" data-wow-delay=\"ms\">\n\t\t\t\t            <span class=\"pxl-title--highlight\">\n                Tests available:            <\/span>\n        \t\t\t\t\t\n\t\t\t\t\t\t\t<\/h2>\n\t\t<\/div>\n\t\t\n\t<\/div>\n<\/div>\n\t\t\t\t<\/div>\n\t\t\t\t<\/div>\n\t\t\t\t<div class=\"elementor-element elementor-element-5944918 elementor-widget elementor-widget-pxl_icon_box\" data-id=\"5944918\" data-element_type=\"widget\" data-e-type=\"widget\" data-widget_type=\"pxl_icon_box.default\">\n\t\t\t\t<div class=\"elementor-widget-container\">\n\t\t\t\t\t\r\n<div class=\"pxl-icon-box pxl-icon-box1 default\" data-wow-delay=\"ms\">\r\n    <div class=\"pxl-item--inner\">\r\n        <!-- Show icon -->\r\n                    <div class=\"pxl-item--icon\">\r\n                <i aria-hidden=\"true\" class=\"far fa-check-circle\"><\/i>            <\/div>\r\n                \r\n\r\n\r\n        \r\n        <!-- Content -->\r\n        <div class=\"pxl-item--content\">\r\n            <!-- Title -->\r\n            <h3 class=\"pxl-item--title el-empty\">\r\n                Emotional Intelligence Profile            <\/h3>\r\n            <!-- Description -->\r\n            <div class=\"pxl-item--description el-empty\">\r\n                Assesses self-awareness and empathy.            <\/div>\r\n            <!-- Link -->\r\n                            <a class=\"pxl-item--link\" href=\"#\"><\/a>\r\n                    <\/div>        \r\n    <\/div>\r\n<\/div>\r\n\r\n\r\n\r\n\r\n\r\n\r\n<!--  -->\r\n\t\t\t\t<\/div>\n\t\t\t\t<\/div>\n\t\t\t\t<div class=\"elementor-element elementor-element-94637f2 elementor-widget elementor-widget-pxl_icon_box\" data-id=\"94637f2\" data-element_type=\"widget\" data-e-type=\"widget\" data-widget_type=\"pxl_icon_box.default\">\n\t\t\t\t<div class=\"elementor-widget-container\">\n\t\t\t\t\t\r\n<div class=\"pxl-icon-box pxl-icon-box1 default\" data-wow-delay=\"ms\">\r\n    <div class=\"pxl-item--inner\">\r\n        <!-- Show icon -->\r\n                    <div class=\"pxl-item--icon\">\r\n                <i aria-hidden=\"true\" class=\"far fa-check-circle\"><\/i>            <\/div>\r\n                \r\n\r\n\r\n        \r\n        <!-- Content -->\r\n        <div class=\"pxl-item--content\">\r\n            <!-- Title -->\r\n            <h3 class=\"pxl-item--title el-empty\">\r\n                Resilience Profile            <\/h3>\r\n            <!-- Description -->\r\n            <div class=\"pxl-item--description el-empty\">\r\n                Identifies adaptive capacity.            <\/div>\r\n            <!-- Link -->\r\n                            <a class=\"pxl-item--link\" href=\"#\"><\/a>\r\n                    <\/div>        \r\n    <\/div>\r\n<\/div>\r\n\r\n\r\n\r\n\r\n\r\n\r\n<!--  -->\r\n\t\t\t\t<\/div>\n\t\t\t\t<\/div>\n\t\t\t\t<div class=\"elementor-element elementor-element-750e4d6 elementor-widget elementor-widget-pxl_icon_box\" data-id=\"750e4d6\" data-element_type=\"widget\" data-e-type=\"widget\" data-widget_type=\"pxl_icon_box.default\">\n\t\t\t\t<div class=\"elementor-widget-container\">\n\t\t\t\t\t\r\n<div class=\"pxl-icon-box pxl-icon-box1 default\" data-wow-delay=\"ms\">\r\n    <div class=\"pxl-item--inner\">\r\n        <!-- Show icon -->\r\n                    <div class=\"pxl-item--icon\">\r\n                <i aria-hidden=\"true\" class=\"far fa-check-circle\"><\/i>            <\/div>\r\n                \r\n\r\n\r\n        \r\n        <!-- Content -->\r\n        <div class=\"pxl-item--content\">\r\n            <!-- Title -->\r\n            <h3 class=\"pxl-item--title el-empty\">\r\n                Agility Profile            <\/h3>\r\n            <!-- Description -->\r\n            <div class=\"pxl-item--description el-empty\">\r\n                It measures flexibility and speed to face challenges.            <\/div>\r\n            <!-- Link -->\r\n                            <a class=\"pxl-item--link\" href=\"#\"><\/a>\r\n                    <\/div>        \r\n    <\/div>\r\n<\/div>\r\n\r\n\r\n\r\n\r\n\r\n\r\n<!--  -->\r\n\t\t\t\t<\/div>\n\t\t\t\t<\/div>\n\t\t            <\/div>\r\n        <\/div>\r\n                <div class=\"elementor-column elementor-col-50 elementor-top-column elementor-element elementor-element-0f98b28 pxl-column-none pxl-column-overflow-hidden-no\" data-id=\"0f98b28\" data-element_type=\"column\" data-e-type=\"column\">\r\n        <div class=\"elementor-widget-wrap elementor-element-populated\">\r\n                     \r\n        \t\t<div class=\"elementor-element elementor-element-21e75a9 elementor-widget__width-inherit elementor-widget elementor-widget-pxl_video_player\" data-id=\"21e75a9\" data-element_type=\"widget\" data-e-type=\"widget\" data-widget_type=\"pxl_video_player.default\">\n\t\t\t\t<div class=\"elementor-widget-container\">\n\t\t\t\t\t<div class=\"pxl-video-player pxl-video-player1 pxl-video-style1\" >\r\n    <div class=\"pxl-video--inner\">\r\n                            <div class=\"pxl-video--image\">\r\n                <img decoding=\"async\" class=\"\" src=\"https:\/\/hyde-seek.com\/wp-content\/uploads\/2025\/09\/flowp2-scaled-1090x764.png\" width=\"1090\" height=\"764\" alt=\"flowp2\" title=\"flowp2\" \/>            <\/div>\r\n        \r\n        \r\n            <\/div>\r\n<\/div>\t\t\t\t<\/div>\n\t\t\t\t<\/div>\n\t\t        <section data-particle_enable=\"false\" data-particle-mobile-disabled=\"false\" class=\"elementor-section elementor-inner-section elementor-element elementor-element-c18a9e4 elementor-section-boxed elementor-section-height-default elementor-section-height-default pxl-row-scroll-none pxl-zoom-point-false pxl-section-overflow-visible pxl-section-fix-none pxl-bg-color-none pxl-section-overlay-none\" data-id=\"c18a9e4\" data-element_type=\"section\" data-e-type=\"section\">\n\n                \n                <div class=\"elementor-container elementor-column-gap-default\">\n                <div class=\"elementor-column elementor-col-100 elementor-inner-column elementor-element elementor-element-407b82d pxl-column-none pxl-column-overflow-hidden-no\" data-id=\"407b82d\" data-element_type=\"column\" data-e-type=\"column\">\r\n        <div class=\"elementor-widget-wrap elementor-element-populated\">\r\n                     \r\n        \t\t<div class=\"elementor-element elementor-element-ac26e05 elementor-widget elementor-widget-call-to-action\" data-id=\"ac26e05\" data-element_type=\"widget\" data-e-type=\"widget\" data-widget_type=\"call-to-action.default\">\n\t\t\t\t<div class=\"elementor-widget-container\">\n\t\t\t\t\t \t\t\t\t<\/div>\n\t\t\t\t<\/div>\n\t\t            <\/div>\r\n        <\/div>\r\n        \t\t\t<\/div>\n\t\t<\/section>\n\t\t            <\/div>\r\n        <\/div>\r\n        \t\t\t<\/div>\n\t\t<\/section>\n\t\t\t\t<\/div>","protected":false},"excerpt":{"rendered":"<p>Flowprofiler\u00ae Evaluaciones para el \u00e9xito organizacional Hyde &amp; Seek es representante exclusivo de Flowprofiler\u00ae en M\u00e9xico, una herramienta innovadora que mide competencias emocionales y conductuales para mejorar el rendimiento y la efectividad en las organizaciones. Beneficios Evaluaciones precisas para la identificaci\u00f3n del talento. Desarrollo de habilidades clave para el \u00e9xito organizacional. Mejor rendimiento y adaptaci\u00f3n [&hellip;]<\/p>\n","protected":false},"author":1,"featured_media":0,"parent":0,"menu_order":0,"comment_status":"closed","ping_status":"closed","template":"","meta":{"footnotes":""},"class_list":["post-23791","page","type-page","status-publish","hentry"],"_links":{"self":[{"href":"https:\/\/hyde-seek.com\/en\/wp-json\/wp\/v2\/pages\/23791","targetHints":{"allow":["GET"]}}],"collection":[{"href":"https:\/\/hyde-seek.com\/en\/wp-json\/wp\/v2\/pages"}],"about":[{"href":"https:\/\/hyde-seek.com\/en\/wp-json\/wp\/v2\/types\/page"}],"author":[{"embeddable":true,"href":"https:\/\/hyde-seek.com\/en\/wp-json\/wp\/v2\/users\/1"}],"replies":[{"embeddable":true,"href":"https:\/\/hyde-seek.com\/en\/wp-json\/wp\/v2\/comments?post=23791"}],"version-history":[{"count":10,"href":"https:\/\/hyde-seek.com\/en\/wp-json\/wp\/v2\/pages\/23791\/revisions"}],"predecessor-version":[{"id":24098,"href":"https:\/\/hyde-seek.com\/en\/wp-json\/wp\/v2\/pages\/23791\/revisions\/24098"}],"wp:attachment":[{"href":"https:\/\/hyde-seek.com\/en\/wp-json\/wp\/v2\/media?parent=23791"}],"curies":[{"name":"wp","href":"https:\/\/api.w.org\/{rel}","templated":true}]}}