{"id":23793,"date":"2025-04-14T23:37:25","date_gmt":"2025-04-14T23:37:25","guid":{"rendered":"https:\/\/new.hyde-seek.com\/?page_id=23793"},"modified":"2025-09-26T07:18:50","modified_gmt":"2025-09-26T07:18:50","slug":"talleres","status":"publish","type":"page","link":"https:\/\/hyde-seek.com\/en\/talleres\/","title":{"rendered":"Workshops"},"content":{"rendered":"<div data-elementor-type=\"wp-page\" data-elementor-id=\"23793\" class=\"elementor elementor-23793\">\n\t\t\t\t        <section data-particle_enable=\"false\" data-particle-mobile-disabled=\"false\" class=\"elementor-section elementor-top-section elementor-element elementor-element-7e255f4 elementor-section-stretched elementor-section-boxed elementor-section-height-default elementor-section-height-default pxl-row-scroll-none pxl-zoom-point-false pxl-section-overflow-visible pxl-section-fix-none pxl-bg-color-none pxl-section-overlay-none\" data-id=\"7e255f4\" data-element_type=\"section\" data-e-type=\"section\" data-settings=\"{&quot;stretch_section&quot;:&quot;section-stretched&quot;}\">\n\n                \n                <div class=\"elementor-container elementor-column-gap-extended\">\n                <div class=\"elementor-column elementor-col-100 elementor-top-column elementor-element elementor-element-eae4a6a pxl-column-none pxl-column-overflow-hidden-no\" data-id=\"eae4a6a\" data-element_type=\"column\" data-e-type=\"column\">\r\n        <div class=\"elementor-widget-wrap elementor-element-populated\">\r\n                     \r\n        \t\t<div class=\"elementor-element elementor-element-bde6a85 elementor-widget__width-auto elementor-widget-laptop__width-auto elementor-invisible elementor-widget elementor-widget-pxl_heading\" data-id=\"bde6a85\" data-element_type=\"widget\" data-e-type=\"widget\" data-settings=\"{&quot;_animation&quot;:&quot;fadeInUp&quot;}\" data-widget_type=\"pxl_heading.default\">\n\t\t\t\t<div class=\"elementor-widget-container\">\n\t\t\t\t\t\n<div id=\"pxl-pxl_heading-bde6a85-2262\" class=\"pxl-heading  pxl-subtitle-box-3\" >\n\t<div class=\"pxl-heading--container\" >\n\t\t<div class=\"pxl-heading--inner\">\n\t\t\t\t\t\t\t\t\t<h2 class=\"pxl-item--title pxl-heading-default\" data-wow-delay=\"ms\">\n\t\t\t\t            <span class=\"pxl-title--highlight\">\n                Design your own future            <\/span>\n        \t\t\t\t\t\n\t\t\t\t\t\t\t<\/h2>\n\t\t<\/div>\n\t\t\n\t<\/div>\n<\/div>\n\t\t\t\t<\/div>\n\t\t\t\t<\/div>\n\t\t\t\t<div class=\"elementor-element elementor-element-9e3e379 elementor-widget elementor-widget-text-editor\" data-id=\"9e3e379\" data-element_type=\"widget\" data-e-type=\"widget\" data-widget_type=\"text-editor.default\">\n\t\t\t\t<div class=\"elementor-widget-container\">\n\t\t\t\t\t\t\t\t\t<h3>Transforming and customized workshops.<\/h3>\t\t\t\t\t\t\t\t<\/div>\n\t\t\t\t<\/div>\n\t\t\t\t<div class=\"elementor-element elementor-element-3f8bcfc elementor-widget elementor-widget-text-editor\" data-id=\"3f8bcfc\" data-element_type=\"widget\" data-e-type=\"widget\" data-widget_type=\"text-editor.default\">\n\t\t\t\t<div class=\"elementor-widget-container\">\n\t\t\t\t\t\t\t\t\t<h5>At Hyde &amp; Seek we believe that success is built. In addition to our specific proposal, we design workshops tailored to the specific needs of each company or group, to help executives and young people discover their greatness, overcome blocks and design their future with clarity.<\/h5>\t\t\t\t\t\t\t\t<\/div>\n\t\t\t\t<\/div>\n\t\t            <\/div>\r\n        <\/div>\r\n        \t\t\t<\/div>\n\t\t<\/section>\n\t\t        <section data-particle_enable=\"false\" data-particle-mobile-disabled=\"false\" class=\"elementor-section elementor-top-section elementor-element elementor-element-e10919c elementor-section-stretched elementor-section-boxed elementor-section-height-default elementor-section-height-default pxl-row-scroll-none pxl-zoom-point-false pxl-section-overflow-visible pxl-section-fix-none pxl-bg-color-none pxl-section-overlay-none\" data-id=\"e10919c\" data-element_type=\"section\" data-e-type=\"section\" data-settings=\"{&quot;stretch_section&quot;:&quot;section-stretched&quot;}\">\n\n                \n                <div class=\"elementor-container elementor-column-gap-extended\">\n                <div class=\"elementor-column elementor-col-100 elementor-top-column elementor-element elementor-element-a9e5c83 pxl-column-none pxl-column-overflow-hidden-no\" data-id=\"a9e5c83\" data-element_type=\"column\" data-e-type=\"column\">\r\n        <div class=\"elementor-widget-wrap elementor-element-populated\">\r\n                     \r\n        \t\t<div class=\"elementor-element elementor-element-c441a33 elementor-widget elementor-widget-pxl_heading\" data-id=\"c441a33\" data-element_type=\"widget\" data-e-type=\"widget\" data-widget_type=\"pxl_heading.default\">\n\t\t\t\t<div class=\"elementor-widget-container\">\n\t\t\t\t\t\n<div id=\"pxl-pxl_heading-c441a33-5234\" class=\"pxl-heading  pxl-subtitle-box-3\" >\n\t<div class=\"pxl-heading--container\" >\n\t\t<div class=\"pxl-heading--inner\">\n\t\t\t\t\t\t\t<div class=\"pxl-item--subtitle wow fadeInUp\" data-wow-delay=\"ms\">\n\t\t\t\t\t<span class=\"pxl-item--subtext\">\n\t\t\t\t\t\tNEXT\t\t\t\t\t<\/span>\n\t\t\t\t<\/div>\n\t\t\t\t\t\t\t\t\t<h3 class=\"pxl-item--title pxl-heading-default  wow fadeInUp\" data-wow-delay=\"ms\">\n\t\t\t\tHyde &amp; Seek Workshops\t\t\t\t\t\n\t\t\t\t\t\t\t<\/h3>\n\t\t<\/div>\n\t\t\n\t<\/div>\n<\/div>\n\t\t\t\t<\/div>\n\t\t\t\t<\/div>\n\t\t            <\/div>\r\n        <\/div>\r\n        \t\t\t<\/div>\n\t\t<\/section>\n\t\t        <section data-particle_enable=\"false\" data-particle-mobile-disabled=\"false\" class=\"elementor-section elementor-top-section elementor-element elementor-element-ff4fdac elementor-section-stretched elementor-section-boxed elementor-section-height-default elementor-section-height-default pxl-row-scroll-none pxl-zoom-point-false pxl-section-overflow-visible pxl-section-fix-none pxl-bg-color-none pxl-section-overlay-none\" data-id=\"ff4fdac\" data-element_type=\"section\" data-e-type=\"section\" data-settings=\"{&quot;stretch_section&quot;:&quot;section-stretched&quot;}\">\n\n                \n                <div class=\"elementor-container elementor-column-gap-extended\">\n                <div class=\"elementor-column elementor-col-33 elementor-top-column elementor-element elementor-element-466969a pxl-column-none pxl-column-overflow-hidden-no\" data-id=\"466969a\" data-element_type=\"column\" data-e-type=\"column\">\r\n        <div class=\"elementor-widget-wrap elementor-element-populated\">\r\n                     \r\n        \t\t<div class=\"elementor-element elementor-element-b5f1387 elementor-widget elementor-widget-image\" data-id=\"b5f1387\" data-element_type=\"widget\" data-e-type=\"widget\" data-widget_type=\"image.default\">\n\t\t\t\t<div class=\"elementor-widget-container\">\n\t\t\t\t\t\t\t\t\t\t\t\t\t\t\t<img fetchpriority=\"high\" decoding=\"async\" width=\"1024\" height=\"801\" src=\"https:\/\/hyde-seek.com\/wp-content\/uploads\/2024\/04\/service-14.jpg\" class=\"attachment-large size-large wp-image-7368\" alt=\"\" srcset=\"https:\/\/hyde-seek.com\/wp-content\/uploads\/2024\/04\/service-14.jpg 1200w, https:\/\/hyde-seek.com\/wp-content\/uploads\/2024\/04\/service-14-600x470.jpg 600w\" sizes=\"(max-width: 1024px) 100vw, 1024px\" \/>\t\t\t\t\t\t\t\t\t\t\t\t\t\t\t<\/div>\n\t\t\t\t<\/div>\n\t\t\t\t<div class=\"elementor-element elementor-element-8f9d76e elementor-widget elementor-widget-image-box\" data-id=\"8f9d76e\" data-element_type=\"widget\" data-e-type=\"widget\" data-widget_type=\"image-box.default\">\n\t\t\t\t<div class=\"elementor-widget-container\">\n\t\t\t\t\t<div class=\"elementor-image-box-wrapper\"><div class=\"elementor-image-box-content\"><h3 class=\"elementor-image-box-title\"><a href=\"#\">Discover your Greatness<\/a><\/h3><p class=\"elementor-image-box-description\">Explore your talents and learn to develop your confidence.<\/p><\/div><\/div>\t\t\t\t<\/div>\n\t\t\t\t<\/div>\n\t\t\t\t<div class=\"elementor-element elementor-element-fe9b914 elementor-icon-list--layout-inline elementor-align-center elementor-list-item-link-full_width elementor-widget elementor-widget-icon-list\" data-id=\"fe9b914\" data-element_type=\"widget\" data-e-type=\"widget\" data-widget_type=\"icon-list.default\">\n\t\t\t\t<div class=\"elementor-widget-container\">\n\t\t\t\t\t\t\t<ul class=\"elementor-icon-list-items elementor-inline-items\">\n\t\t\t\t\t\t\t<li class=\"elementor-icon-list-item elementor-inline-item\">\n\t\t\t\t\t\t\t\t\t\t\t<span class=\"elementor-icon-list-icon\">\n\t\t\t\t\t\t\t<i aria-hidden=\"true\" class=\"far fa-clock\"><\/i>\t\t\t\t\t\t<\/span>\n\t\t\t\t\t\t\t\t\t\t<span class=\"elementor-icon-list-text\">Date: TBD<\/span>\n\t\t\t\t\t\t\t\t\t<\/li>\n\t\t\t\t\t\t\t\t<li class=\"elementor-icon-list-item elementor-inline-item\">\n\t\t\t\t\t\t\t\t\t\t\t<span class=\"elementor-icon-list-icon\">\n\t\t\t\t\t\t\t<i aria-hidden=\"true\" class=\"fas fa-laptop\"><\/i>\t\t\t\t\t\t<\/span>\n\t\t\t\t\t\t\t\t\t\t<span class=\"elementor-icon-list-text\">Mode: Online<\/span>\n\t\t\t\t\t\t\t\t\t<\/li>\n\t\t\t\t\t\t<\/ul>\n\t\t\t\t\t\t<\/div>\n\t\t\t\t<\/div>\n\t\t\t\t<div class=\"elementor-element elementor-element-c81c361 elementor-hidden-widescreen elementor-hidden-desktop elementor-hidden-laptop elementor-hidden-tablet_extra elementor-hidden-tablet elementor-hidden-mobile_extra elementor-hidden-mobile elementor-widget elementor-widget-pxl_button\" data-id=\"c81c361\" data-element_type=\"widget\" data-e-type=\"widget\" data-widget_type=\"pxl_button.default\">\n\t\t\t\t<div class=\"elementor-widget-container\">\n\t\t\t\t\t<div class=\"pxl-button\">\r\n    <div class=\"pxl-item--container\">\r\n        <div class=\"pxl-item--inner\">\r\n            <a class=\"btn pxl-item--button pxl-btn-default pxl-btn-large pxl-btn-bg pxl-btn-dark  pxl-hover-default\" href=\"#\" data-wow-delay=\"ms\" data-text=\"Inscribirme\">\r\n                <span class=\"pxl-btn--text\">Sign me up<\/span>\r\n                                                            <i class=\"pxl-icon--default flaticon flaticon-up-right-arrow\"><\/i>\r\n                                                <\/a>\r\n        <\/div>\r\n    <\/div>\r\n<\/div>\r\n\r\n\t\t\t\t<\/div>\n\t\t\t\t<\/div>\n\t\t            <\/div>\r\n        <\/div>\r\n                <div class=\"elementor-column elementor-col-33 elementor-top-column elementor-element elementor-element-6d49de0 pxl-column-none pxl-column-overflow-hidden-no\" data-id=\"6d49de0\" data-element_type=\"column\" data-e-type=\"column\">\r\n        <div class=\"elementor-widget-wrap elementor-element-populated\">\r\n                     \r\n        \t\t<div class=\"elementor-element elementor-element-7edccef elementor-widget elementor-widget-image\" data-id=\"7edccef\" data-element_type=\"widget\" data-e-type=\"widget\" data-widget_type=\"image.default\">\n\t\t\t\t<div class=\"elementor-widget-container\">\n\t\t\t\t\t\t\t\t\t\t\t\t\t\t\t<img decoding=\"async\" width=\"1024\" height=\"801\" src=\"https:\/\/hyde-seek.com\/wp-content\/uploads\/2024\/04\/service-15.jpg\" class=\"attachment-large size-large wp-image-7369\" alt=\"\" srcset=\"https:\/\/hyde-seek.com\/wp-content\/uploads\/2024\/04\/service-15.jpg 1200w, https:\/\/hyde-seek.com\/wp-content\/uploads\/2024\/04\/service-15-600x470.jpg 600w\" sizes=\"(max-width: 1024px) 100vw, 1024px\" \/>\t\t\t\t\t\t\t\t\t\t\t\t\t\t\t<\/div>\n\t\t\t\t<\/div>\n\t\t\t\t<div class=\"elementor-element elementor-element-0946b43 elementor-widget elementor-widget-image-box\" data-id=\"0946b43\" data-element_type=\"widget\" data-e-type=\"widget\" data-widget_type=\"image-box.default\">\n\t\t\t\t<div class=\"elementor-widget-container\">\n\t\t\t\t\t<div class=\"elementor-image-box-wrapper\"><div class=\"elementor-image-box-content\"><h3 class=\"elementor-image-box-title\"><a href=\"#\">Thought Traps<\/a><\/h3><p class=\"elementor-image-box-description\">Identify and overcome mental blocks that prevent you from moving forward.<\/p><\/div><\/div>\t\t\t\t<\/div>\n\t\t\t\t<\/div>\n\t\t\t\t<div class=\"elementor-element elementor-element-8910a5f elementor-icon-list--layout-inline elementor-align-center elementor-list-item-link-full_width elementor-widget elementor-widget-icon-list\" data-id=\"8910a5f\" data-element_type=\"widget\" data-e-type=\"widget\" data-widget_type=\"icon-list.default\">\n\t\t\t\t<div class=\"elementor-widget-container\">\n\t\t\t\t\t\t\t<ul class=\"elementor-icon-list-items elementor-inline-items\">\n\t\t\t\t\t\t\t<li class=\"elementor-icon-list-item elementor-inline-item\">\n\t\t\t\t\t\t\t\t\t\t\t<span class=\"elementor-icon-list-icon\">\n\t\t\t\t\t\t\t<i aria-hidden=\"true\" class=\"far fa-clock\"><\/i>\t\t\t\t\t\t<\/span>\n\t\t\t\t\t\t\t\t\t\t<span class=\"elementor-icon-list-text\">Date: TBD<\/span>\n\t\t\t\t\t\t\t\t\t<\/li>\n\t\t\t\t\t\t\t\t<li class=\"elementor-icon-list-item elementor-inline-item\">\n\t\t\t\t\t\t\t\t\t\t\t<span class=\"elementor-icon-list-icon\">\n\t\t\t\t\t\t\t<i aria-hidden=\"true\" class=\"fas fa-laptop\"><\/i>\t\t\t\t\t\t<\/span>\n\t\t\t\t\t\t\t\t\t\t<span class=\"elementor-icon-list-text\">Mode: Online<\/span>\n\t\t\t\t\t\t\t\t\t<\/li>\n\t\t\t\t\t\t<\/ul>\n\t\t\t\t\t\t<\/div>\n\t\t\t\t<\/div>\n\t\t\t\t<div class=\"elementor-element elementor-element-0449feb elementor-hidden-widescreen elementor-hidden-desktop elementor-hidden-laptop elementor-hidden-tablet_extra elementor-hidden-tablet elementor-hidden-mobile_extra elementor-hidden-mobile elementor-widget elementor-widget-pxl_button\" data-id=\"0449feb\" data-element_type=\"widget\" data-e-type=\"widget\" data-widget_type=\"pxl_button.default\">\n\t\t\t\t<div class=\"elementor-widget-container\">\n\t\t\t\t\t<div class=\"pxl-button\">\r\n    <div class=\"pxl-item--container\">\r\n        <div class=\"pxl-item--inner\">\r\n            <a class=\"btn pxl-item--button pxl-btn-default pxl-btn-large pxl-btn-bg pxl-btn-dark  pxl-hover-default\" href=\"#\" data-wow-delay=\"ms\" data-text=\"Inscribirme\">\r\n                <span class=\"pxl-btn--text\">Sign me up<\/span>\r\n                                                            <i class=\"pxl-icon--default flaticon flaticon-up-right-arrow\"><\/i>\r\n                                                <\/a>\r\n        <\/div>\r\n    <\/div>\r\n<\/div>\r\n\r\n\t\t\t\t<\/div>\n\t\t\t\t<\/div>\n\t\t            <\/div>\r\n        <\/div>\r\n                <div class=\"elementor-column elementor-col-33 elementor-top-column elementor-element elementor-element-8806209 pxl-column-none pxl-column-overflow-hidden-no\" data-id=\"8806209\" data-element_type=\"column\" data-e-type=\"column\">\r\n        <div class=\"elementor-widget-wrap elementor-element-populated\">\r\n                     \r\n        \t\t<div class=\"elementor-element elementor-element-3fa02db elementor-widget elementor-widget-image\" data-id=\"3fa02db\" data-element_type=\"widget\" data-e-type=\"widget\" data-widget_type=\"image.default\">\n\t\t\t\t<div class=\"elementor-widget-container\">\n\t\t\t\t\t\t\t\t\t\t\t\t\t\t\t<img decoding=\"async\" width=\"1024\" height=\"801\" src=\"https:\/\/hyde-seek.com\/wp-content\/uploads\/2024\/04\/service-16.jpg\" class=\"attachment-large size-large wp-image-7370\" alt=\"\" srcset=\"https:\/\/hyde-seek.com\/wp-content\/uploads\/2024\/04\/service-16.jpg 1200w, https:\/\/hyde-seek.com\/wp-content\/uploads\/2024\/04\/service-16-600x470.jpg 600w\" sizes=\"(max-width: 1024px) 100vw, 1024px\" \/>\t\t\t\t\t\t\t\t\t\t\t\t\t\t\t<\/div>\n\t\t\t\t<\/div>\n\t\t\t\t<div class=\"elementor-element elementor-element-7ef0979 elementor-widget elementor-widget-image-box\" data-id=\"7ef0979\" data-element_type=\"widget\" data-e-type=\"widget\" data-widget_type=\"image-box.default\">\n\t\t\t\t<div class=\"elementor-widget-container\">\n\t\t\t\t\t<div class=\"elementor-image-box-wrapper\"><div class=\"elementor-image-box-content\"><h3 class=\"elementor-image-box-title\"><a href=\"#\">Build your Future<\/a><\/h3><p class=\"elementor-image-box-description\">Practical techniques to plan your professional and personal life successfully.<\/p><\/div><\/div>\t\t\t\t<\/div>\n\t\t\t\t<\/div>\n\t\t\t\t<div class=\"elementor-element elementor-element-cff0480 elementor-icon-list--layout-inline elementor-align-center elementor-list-item-link-full_width elementor-widget elementor-widget-icon-list\" data-id=\"cff0480\" data-element_type=\"widget\" data-e-type=\"widget\" data-widget_type=\"icon-list.default\">\n\t\t\t\t<div class=\"elementor-widget-container\">\n\t\t\t\t\t\t\t<ul class=\"elementor-icon-list-items elementor-inline-items\">\n\t\t\t\t\t\t\t<li class=\"elementor-icon-list-item elementor-inline-item\">\n\t\t\t\t\t\t\t\t\t\t\t<span class=\"elementor-icon-list-icon\">\n\t\t\t\t\t\t\t<i aria-hidden=\"true\" class=\"far fa-clock\"><\/i>\t\t\t\t\t\t<\/span>\n\t\t\t\t\t\t\t\t\t\t<span class=\"elementor-icon-list-text\">Date: TBD<\/span>\n\t\t\t\t\t\t\t\t\t<\/li>\n\t\t\t\t\t\t\t\t<li class=\"elementor-icon-list-item elementor-inline-item\">\n\t\t\t\t\t\t\t\t\t\t\t<span class=\"elementor-icon-list-icon\">\n\t\t\t\t\t\t\t<i aria-hidden=\"true\" class=\"flaticon flaticon-office\"><\/i>\t\t\t\t\t\t<\/span>\n\t\t\t\t\t\t\t\t\t\t<span class=\"elementor-icon-list-text\">Mode: On-site<\/span>\n\t\t\t\t\t\t\t\t\t<\/li>\n\t\t\t\t\t\t<\/ul>\n\t\t\t\t\t\t<\/div>\n\t\t\t\t<\/div>\n\t\t\t\t<div class=\"elementor-element elementor-element-cc8c911 elementor-widget elementor-widget-pxl_button\" data-id=\"cc8c911\" data-element_type=\"widget\" data-e-type=\"widget\" data-widget_type=\"pxl_button.default\">\n\t\t\t\t<div class=\"elementor-widget-container\">\n\t\t\t\t\t<div class=\"pxl-button\">\r\n    <div class=\"pxl-item--container\">\r\n        <div class=\"pxl-item--inner\">\r\n            <a class=\"btn pxl-item--button pxl-btn-default pxl-btn-large pxl-btn-bg pxl-btn-dark  pxl-hover-default\" href=\"#\" data-wow-delay=\"ms\" data-text=\"Inscribirme\">\r\n                <span class=\"pxl-btn--text\">Sign me up<\/span>\r\n                                                            <i class=\"pxl-icon--default flaticon flaticon-up-right-arrow\"><\/i>\r\n                                                <\/a>\r\n        <\/div>\r\n    <\/div>\r\n<\/div>\r\n\r\n\t\t\t\t<\/div>\n\t\t\t\t<\/div>\n\t\t\t\t<div class=\"elementor-element elementor-element-f31574a elementor-hidden-widescreen elementor-hidden-desktop elementor-hidden-laptop elementor-hidden-tablet_extra elementor-hidden-tablet elementor-hidden-mobile_extra elementor-hidden-mobile elementor-widget elementor-widget-pxl_button\" data-id=\"f31574a\" data-element_type=\"widget\" data-e-type=\"widget\" data-widget_type=\"pxl_button.default\">\n\t\t\t\t<div class=\"elementor-widget-container\">\n\t\t\t\t\t<div class=\"pxl-button\">\r\n    <div class=\"pxl-item--container\">\r\n        <div class=\"pxl-item--inner\">\r\n            <a class=\"btn pxl-item--button pxl-btn-default pxl-btn-large pxl-btn-bg pxl-btn-dark  pxl-hover-default\" href=\"#\" data-wow-delay=\"ms\" data-text=\"Inscribirme\">\r\n                <span class=\"pxl-btn--text\">Sign me up<\/span>\r\n                                                            <i class=\"pxl-icon--default flaticon flaticon-up-right-arrow\"><\/i>\r\n                                                <\/a>\r\n        <\/div>\r\n    <\/div>\r\n<\/div>\r\n\r\n\t\t\t\t<\/div>\n\t\t\t\t<\/div>\n\t\t            <\/div>\r\n        <\/div>\r\n        \t\t\t<\/div>\n\t\t<\/section>\n\t\t        <section data-particle_enable=\"false\" data-particle-mobile-disabled=\"false\" class=\"elementor-section elementor-top-section elementor-element elementor-element-4d91e66 elementor-section-boxed elementor-section-height-default elementor-section-height-default pxl-row-scroll-none pxl-zoom-point-false pxl-section-overflow-visible pxl-section-fix-none pxl-bg-color-none pxl-section-overlay-none\" data-id=\"4d91e66\" data-element_type=\"section\" data-e-type=\"section\">\n\n                \n                <div class=\"elementor-container elementor-column-gap-default\">\n                <div class=\"elementor-column elementor-col-100 elementor-top-column elementor-element elementor-element-6943df5 pxl-column-none pxl-column-overflow-hidden-no\" data-id=\"6943df5\" data-element_type=\"column\" data-e-type=\"column\">\r\n        <div class=\"elementor-widget-wrap elementor-element-populated\">\r\n                     \r\n        \t\t<div class=\"elementor-element elementor-element-103b80c elementor-widget elementor-widget-call-to-action\" data-id=\"103b80c\" data-element_type=\"widget\" data-e-type=\"widget\" data-widget_type=\"call-to-action.default\">\n\t\t\t\t<div class=\"elementor-widget-container\">\n\t\t\t\t\t \t\t\t\t<\/div>\n\t\t\t\t<\/div>\n\t\t            <\/div>\r\n        <\/div>\r\n        \t\t\t<\/div>\n\t\t<\/section>\n\t\t\t\t<\/div>","protected":false},"excerpt":{"rendered":"<p>Dise\u00f1a tu propio futuro Talleres transformadores y a medida. En Hyde &amp; Seek creemos que el \u00e9xito se construye. Adem\u00e1s de nuestra propuesta espec\u00edfica, dise\u00f1amos talleres adaptados a las necesidades espec\u00edficas de cada empresa o grupo, para ayudar a los ejecutivos y j\u00f3venes a descubrir su grandeza, superar bloqueos y dise\u00f1ar su futuro con claridad. [&hellip;]<\/p>\n","protected":false},"author":1,"featured_media":0,"parent":0,"menu_order":0,"comment_status":"closed","ping_status":"closed","template":"","meta":{"footnotes":""},"class_list":["post-23793","page","type-page","status-publish","hentry"],"_links":{"self":[{"href":"https:\/\/hyde-seek.com\/en\/wp-json\/wp\/v2\/pages\/23793","targetHints":{"allow":["GET"]}}],"collection":[{"href":"https:\/\/hyde-seek.com\/en\/wp-json\/wp\/v2\/pages"}],"about":[{"href":"https:\/\/hyde-seek.com\/en\/wp-json\/wp\/v2\/types\/page"}],"author":[{"embeddable":true,"href":"https:\/\/hyde-seek.com\/en\/wp-json\/wp\/v2\/users\/1"}],"replies":[{"embeddable":true,"href":"https:\/\/hyde-seek.com\/en\/wp-json\/wp\/v2\/comments?post=23793"}],"version-history":[{"count":17,"href":"https:\/\/hyde-seek.com\/en\/wp-json\/wp\/v2\/pages\/23793\/revisions"}],"predecessor-version":[{"id":24091,"href":"https:\/\/hyde-seek.com\/en\/wp-json\/wp\/v2\/pages\/23793\/revisions\/24091"}],"wp:attachment":[{"href":"https:\/\/hyde-seek.com\/en\/wp-json\/wp\/v2\/media?parent=23793"}],"curies":[{"name":"wp","href":"https:\/\/api.w.org\/{rel}","templated":true}]}}