{"id":23917,"date":"2025-08-28T06:12:14","date_gmt":"2025-08-28T06:12:14","guid":{"rendered":"https:\/\/new.hyde-seek.com\/?page_id=23917"},"modified":"2025-09-26T07:22:55","modified_gmt":"2025-09-26T07:22:55","slug":"consultoria-emprendedores","status":"publish","type":"page","link":"https:\/\/hyde-seek.com\/en\/consultoria-emprendedores\/","title":{"rendered":"Entrepreneur Consulting"},"content":{"rendered":"<div data-elementor-type=\"wp-page\" data-elementor-id=\"23917\" class=\"elementor elementor-23917\">\n\t\t\t\t        <section data-particle_enable=\"false\" data-particle-mobile-disabled=\"false\" class=\"elementor-section elementor-top-section elementor-element elementor-element-e10919c elementor-section-stretched elementor-section-boxed elementor-section-height-default elementor-section-height-default pxl-row-scroll-none pxl-zoom-point-false pxl-section-overflow-visible pxl-section-fix-none pxl-bg-color-none pxl-section-overlay-none\" data-id=\"e10919c\" data-element_type=\"section\" data-e-type=\"section\" data-settings=\"{&quot;stretch_section&quot;:&quot;section-stretched&quot;}\">\n\n                \n                <div class=\"elementor-container elementor-column-gap-extended\">\n                <div class=\"elementor-column elementor-col-50 elementor-top-column elementor-element elementor-element-8919923 pxl-column-none pxl-column-overflow-hidden-no\" data-id=\"8919923\" data-element_type=\"column\" data-e-type=\"column\">\r\n        <div class=\"elementor-widget-wrap elementor-element-populated\">\r\n                     \r\n        \t\t<div class=\"elementor-element elementor-element-bef7b53 elementor-widget__width-initial elementor-widget-tablet__width-inherit elementor-hidden-tablet elementor-hidden-mobile_extra elementor-hidden-mobile elementor-widget elementor-widget-pxl_image\" data-id=\"bef7b53\" data-element_type=\"widget\" data-e-type=\"widget\" data-widget_type=\"pxl_image.default\">\n\t\t\t\t<div class=\"elementor-widget-container\">\n\t\t\t\t\t<div id=\"pxl_image-bef7b53-3455\"  class=\"pxl-image-single\"  data-wow-delay=\"ms\" \r\n      \r\n          data-parallax-value = \"0\">\r\n    <div class=\"pxl-item--inner\" data-wow-delay=\"120ms\">\r\n                                    <div class=\"pxl-item--image\" >\r\n                                            <img fetchpriority=\"high\" decoding=\"async\" class=\"no-lazyload\" src=\"https:\/\/hyde-seek.com\/wp-content\/uploads\/2025\/09\/img-quees-398x420.jpg\" width=\"398\" height=\"420\" alt=\"img-quees\" title=\"img-quees\" \/>                                    <\/div>\r\n                                                                    <\/div>\r\n<\/div>\r\n\t\t\t\t<\/div>\n\t\t\t\t<\/div>\n\t\t\t\t<div class=\"elementor-element elementor-element-1ba1ea5 elementor-widget__width-initial elementor-widget-tablet__width-inherit elementor-widget elementor-widget-pxl_image\" data-id=\"1ba1ea5\" data-element_type=\"widget\" data-e-type=\"widget\" data-widget_type=\"pxl_image.default\">\n\t\t\t\t<div class=\"elementor-widget-container\">\n\t\t\t\t\t<div id=\"pxl_image-1ba1ea5-8658\"  class=\"pxl-image-single\"  data-wow-delay=\"ms\" \r\n      \r\n          data-parallax-value = \"0\">\r\n    <div class=\"pxl-item--inner\" data-wow-delay=\"120ms\">\r\n                                    <div class=\"pxl-item--image\" >\r\n                                            <img decoding=\"async\" class=\"no-lazyload\" src=\"https:\/\/hyde-seek.com\/wp-content\/uploads\/2025\/09\/105742991-1550254029844gettyimages-932275488-444x654.jpeg\" width=\"444\" height=\"654\" alt=\"105742991-1550254029844gettyimages-932275488\" title=\"105742991-1550254029844gettyimages-932275488\" \/>                                    <\/div>\r\n                                                                    <\/div>\r\n<\/div>\r\n\t\t\t\t<\/div>\n\t\t\t\t<\/div>\n\t\t            <\/div>\r\n        <\/div>\r\n                <div class=\"elementor-column elementor-col-50 elementor-top-column elementor-element elementor-element-a9e5c83 pxl-column-none pxl-column-overflow-hidden-no\" data-id=\"a9e5c83\" data-element_type=\"column\" data-e-type=\"column\">\r\n        <div class=\"elementor-widget-wrap elementor-element-populated\">\r\n                     \r\n        \t\t<div class=\"elementor-element elementor-element-c441a33 elementor-widget elementor-widget-pxl_heading\" data-id=\"c441a33\" data-element_type=\"widget\" data-e-type=\"widget\" data-widget_type=\"pxl_heading.default\">\n\t\t\t\t<div class=\"elementor-widget-container\">\n\t\t\t\t\t\n<div id=\"pxl-pxl_heading-c441a33-2905\" class=\"pxl-heading  pxl-subtitle-box-3\" >\n\t<div class=\"pxl-heading--container\" >\n\t\t<div class=\"pxl-heading--inner\">\n\t\t\t\t\t\t\t<div class=\"pxl-item--subtitle wow fadeInUp\" data-wow-delay=\"ms\">\n\t\t\t\t\t<span class=\"pxl-item--subtext\">\n\t\t\t\t\t\tEntrepreneur Consulting\t\t\t\t\t<\/span>\n\t\t\t\t<\/div>\n\t\t\t\t\t\t\t\t\t<h3 class=\"pxl-item--title pxl-heading-default  wow fadeInUp\" data-wow-delay=\"ms\">\n\t\t\t\tAlign your Purpose. Accelerate your Growth.\t\t\t\t\t\n\t\t\t\t\t\t\t<\/h3>\n\t\t<\/div>\n\t\t\n\t<\/div>\n<\/div>\n\t\t\t\t<\/div>\n\t\t\t\t<\/div>\n\t\t\t\t<div class=\"elementor-element elementor-element-7b6f3d2 elementor-widget elementor-widget-text-editor\" data-id=\"7b6f3d2\" data-element_type=\"widget\" data-e-type=\"widget\" data-widget_type=\"text-editor.default\">\n\t\t\t\t<div class=\"elementor-widget-container\">\n\t\t\t\t\t\t\t\t\t<h4>We have designed the SOS (Scale up, Organize, Succeed) program to give you the strategic support you need in the most critical stages. We offer you our experience and a valuable network of contacts to boost your project.<\/h4>\t\t\t\t\t\t\t\t<\/div>\n\t\t\t\t<\/div>\n\t\t            <\/div>\r\n        <\/div>\r\n        \t\t\t<\/div>\n\t\t<\/section>\n\t\t        <section data-particle_enable=\"false\" data-particle-mobile-disabled=\"false\" class=\"elementor-section elementor-top-section elementor-element elementor-element-bf3020f elementor-section-full_width elementor-section-stretched elementor-section-height-default elementor-section-height-default pxl-row-scroll-none pxl-zoom-point-false pxl-section-overflow-visible pxl-section-fix-none pxl-full-content-with-space-none pxl-bg-color-none pxl-section-overlay-none\" data-id=\"bf3020f\" data-element_type=\"section\" data-e-type=\"section\" data-settings=\"{&quot;stretch_section&quot;:&quot;section-stretched&quot;}\">\n\n                \n                <div class=\"elementor-container elementor-column-gap-extended\">\n                <div class=\"elementor-column elementor-col-50 elementor-top-column elementor-element elementor-element-ea87c03 pxl-column-none pxl-column-overflow-hidden-no\" data-id=\"ea87c03\" data-element_type=\"column\" data-e-type=\"column\" data-settings=\"{&quot;background_background&quot;:&quot;classic&quot;}\">\r\n        <div class=\"elementor-widget-wrap elementor-element-populated\">\r\n                     \r\n        \t\t<div class=\"elementor-element elementor-element-b4f22bc elementor-widget__width-inherit elementor-absolute elementor-widget elementor-widget-pxl_image\" data-id=\"b4f22bc\" data-element_type=\"widget\" data-e-type=\"widget\" data-settings=\"{&quot;_position&quot;:&quot;absolute&quot;}\" data-widget_type=\"pxl_image.default\">\n\t\t\t\t<div class=\"elementor-widget-container\">\n\t\t\t\t\t<div id=\"pxl_image-b4f22bc-2119\"  class=\"pxl-image-single\"  data-wow-delay=\"ms\" \r\n      \r\n          data-parallax-value = \"0\">\r\n    <div class=\"pxl-item--inner\" data-wow-delay=\"120ms\">\r\n                                    <div class=\"pxl-item--image\" >\r\n                                            <img decoding=\"async\" width=\"940\" height=\"886\" src=\"https:\/\/hyde-seek.com\/wp-content\/uploads\/2024\/04\/elipse-14.png\" class=\"no-lazyload attachment-full\" alt=\"\" \/>                                    <\/div>\r\n                                                                    <\/div>\r\n<\/div>\r\n\t\t\t\t<\/div>\n\t\t\t\t<\/div>\n\t\t\t\t<div class=\"elementor-element elementor-element-2b1f8ee elementor-widget elementor-widget-pxl_heading\" data-id=\"2b1f8ee\" data-element_type=\"widget\" data-e-type=\"widget\" data-widget_type=\"pxl_heading.default\">\n\t\t\t\t<div class=\"elementor-widget-container\">\n\t\t\t\t\t\n<div id=\"pxl-pxl_heading-2b1f8ee-4230\" class=\"pxl-heading  pxl-subtitle-box-4\" >\n\t<div class=\"pxl-heading--container\" >\n\t\t<div class=\"pxl-heading--inner\">\n\t\t\t\t\t\t\t\t\t<h2 class=\"pxl-item--title pxl-heading-default  wow fadeInUp\" data-wow-delay=\"ms\">\n\t\t\t\t            <span class=\"pxl-title--highlight\">\n                Coaching Process            <\/span>\n        \t\t\t\t\t\n\t\t\t\t\t\t\t<\/h2>\n\t\t<\/div>\n\t\t\n\t<\/div>\n<\/div>\n\t\t\t\t<\/div>\n\t\t\t\t<\/div>\n\t\t\t\t<div class=\"elementor-element elementor-element-5944918 elementor-widget elementor-widget-pxl_icon_box\" data-id=\"5944918\" data-element_type=\"widget\" data-e-type=\"widget\" data-widget_type=\"pxl_icon_box.default\">\n\t\t\t\t<div class=\"elementor-widget-container\">\n\t\t\t\t\t\r\n<div class=\"pxl-icon-box pxl-icon-box1 default\" data-wow-delay=\"ms\">\r\n    <div class=\"pxl-item--inner\">\r\n        <!-- Show icon -->\r\n                    <div class=\"pxl-item--icon\">\r\n                <i aria-hidden=\"true\" class=\"far fa-check-circle\"><\/i>            <\/div>\r\n                \r\n\r\n\r\n        \r\n        <!-- Content -->\r\n        <div class=\"pxl-item--content\">\r\n            <!-- Title -->\r\n            <h3 class=\"pxl-item--title el-empty\">\r\n                Leadership and Self-knowledge            <\/h3>\r\n            <!-- Description -->\r\n            <div class=\"pxl-item--description el-empty\">\r\n                The success of your startup starts with you. Through an accurate diagnosis, we identify and help you enhance the key skills and competencies you need as a leader and business owner to navigate growth and overcome any challenge.            <\/div>\r\n            <!-- Link -->\r\n                    <\/div>        \r\n    <\/div>\r\n<\/div>\r\n\r\n\r\n\r\n\r\n\r\n\r\n<!--  -->\r\n\t\t\t\t<\/div>\n\t\t\t\t<\/div>\n\t\t\t\t<div class=\"elementor-element elementor-element-94637f2 elementor-widget elementor-widget-pxl_icon_box\" data-id=\"94637f2\" data-element_type=\"widget\" data-e-type=\"widget\" data-widget_type=\"pxl_icon_box.default\">\n\t\t\t\t<div class=\"elementor-widget-container\">\n\t\t\t\t\t\r\n<div class=\"pxl-icon-box pxl-icon-box1 default\" data-wow-delay=\"ms\">\r\n    <div class=\"pxl-item--inner\">\r\n        <!-- Show icon -->\r\n                    <div class=\"pxl-item--icon\">\r\n                <i aria-hidden=\"true\" class=\"far fa-check-circle\"><\/i>            <\/div>\r\n                \r\n\r\n\r\n        \r\n        <!-- Content -->\r\n        <div class=\"pxl-item--content\">\r\n            <!-- Title -->\r\n            <h3 class=\"pxl-item--title el-empty\">\r\n                The Founding Team            <\/h3>\r\n            <!-- Description -->\r\n            <div class=\"pxl-item--description el-empty\">\r\n                Early hires define your culture and your future. We apply our high-level headhunting expertise to find the key talent your company needs to scale up and build a solid foundation for success.            <\/div>\r\n            <!-- Link -->\r\n                    <\/div>        \r\n    <\/div>\r\n<\/div>\r\n\r\n\r\n\r\n\r\n\r\n\r\n<!--  -->\r\n\t\t\t\t<\/div>\n\t\t\t\t<\/div>\n\t\t\t\t<div class=\"elementor-element elementor-element-750e4d6 elementor-widget elementor-widget-pxl_icon_box\" data-id=\"750e4d6\" data-element_type=\"widget\" data-e-type=\"widget\" data-widget_type=\"pxl_icon_box.default\">\n\t\t\t\t<div class=\"elementor-widget-container\">\n\t\t\t\t\t\r\n<div class=\"pxl-icon-box pxl-icon-box1 default\" data-wow-delay=\"ms\">\r\n    <div class=\"pxl-item--inner\">\r\n        <!-- Show icon -->\r\n                    <div class=\"pxl-item--icon\">\r\n                <i aria-hidden=\"true\" class=\"far fa-check-circle\"><\/i>            <\/div>\r\n                \r\n\r\n\r\n        \r\n        <!-- Content -->\r\n        <div class=\"pxl-item--content\">\r\n            <!-- Title -->\r\n            <h3 class=\"pxl-item--title el-empty\">\r\n                Funding Strategy            <\/h3>\r\n            <!-- Description -->\r\n            <div class=\"pxl-item--description el-empty\">\r\n                A great idea needs capital to get off the ground. We guide you step-by-step in building a solid business plan and a compelling pitch. When you're ready, we prepare and guide you on what you need to present your project to investors and secure funding for the next stage.            <\/div>\r\n            <!-- Link -->\r\n                    <\/div>        \r\n    <\/div>\r\n<\/div>\r\n\r\n\r\n\r\n\r\n\r\n\r\n<!--  -->\r\n\t\t\t\t<\/div>\n\t\t\t\t<\/div>\n\t\t\t\t<div class=\"elementor-element elementor-element-4aaaf0d elementor-widget elementor-widget-pxl_icon_box\" data-id=\"4aaaf0d\" data-element_type=\"widget\" data-e-type=\"widget\" data-widget_type=\"pxl_icon_box.default\">\n\t\t\t\t<div class=\"elementor-widget-container\">\n\t\t\t\t\t\r\n<div class=\"pxl-icon-box pxl-icon-box1 default\" data-wow-delay=\"ms\">\r\n    <div class=\"pxl-item--inner\">\r\n        <!-- Show icon -->\r\n                    <div class=\"pxl-item--icon\">\r\n                <i aria-hidden=\"true\" class=\"far fa-check-circle\"><\/i>            <\/div>\r\n                \r\n\r\n\r\n        \r\n        <!-- Content -->\r\n        <div class=\"pxl-item--content\">\r\n            <!-- Title -->\r\n            <h3 class=\"pxl-item--title el-empty\">\r\n                Growth Ecosystem            <\/h3>\r\n            <!-- Description -->\r\n            <div class=\"pxl-item--description el-empty\">\r\n                You are not alone. We connect you to our ecosystem of strategic alliances, giving you access to world-class training and professional services (legal, accounting, marketing, etc.) that are essential for orderly and professional growth.            <\/div>\r\n            <!-- Link -->\r\n                    <\/div>        \r\n    <\/div>\r\n<\/div>\r\n\r\n\r\n\r\n\r\n\r\n\r\n<!--  -->\r\n\t\t\t\t<\/div>\n\t\t\t\t<\/div>\n\t\t            <\/div>\r\n        <\/div>\r\n                <div class=\"elementor-column elementor-col-50 elementor-top-column elementor-element elementor-element-0f98b28 pxl-column-none pxl-column-overflow-hidden-no\" data-id=\"0f98b28\" data-element_type=\"column\" data-e-type=\"column\">\r\n        <div class=\"elementor-widget-wrap elementor-element-populated\">\r\n                     \r\n        \t\t<div class=\"elementor-element elementor-element-21e75a9 elementor-widget__width-inherit elementor-widget elementor-widget-pxl_video_player\" data-id=\"21e75a9\" data-element_type=\"widget\" data-e-type=\"widget\" data-widget_type=\"pxl_video_player.default\">\n\t\t\t\t<div class=\"elementor-widget-container\">\n\t\t\t\t\t<div class=\"pxl-video-player pxl-video-player1 pxl-video-style1\" >\r\n    <div class=\"pxl-video--inner\">\r\n                            <div class=\"pxl-video--image\">\r\n                <img loading=\"lazy\" decoding=\"async\" class=\"\" src=\"https:\/\/hyde-seek.com\/wp-content\/uploads\/2025\/09\/pexels-rachel-claire-5490917-scaled-1-1090x764.jpg\" width=\"1090\" height=\"764\" alt=\"pexels-rachel-claire-5490917-scaled\" title=\"pexels-rachel-claire-5490917-scaled\" \/>            <\/div>\r\n        \r\n        \r\n            <\/div>\r\n<\/div>\t\t\t\t<\/div>\n\t\t\t\t<\/div>\n\t\t        <section data-particle_enable=\"false\" data-particle-mobile-disabled=\"false\" class=\"elementor-section elementor-inner-section elementor-element elementor-element-302a79f elementor-section-boxed elementor-section-height-default elementor-section-height-default pxl-row-scroll-none pxl-zoom-point-false pxl-section-overflow-visible pxl-section-fix-none pxl-bg-color-none pxl-section-overlay-none\" data-id=\"302a79f\" data-element_type=\"section\" data-e-type=\"section\">\n\n                \n                <div class=\"elementor-container elementor-column-gap-default\">\n                <div class=\"elementor-column elementor-col-100 elementor-inner-column elementor-element elementor-element-1c6bc2a pxl-column-none pxl-column-overflow-hidden-no\" data-id=\"1c6bc2a\" data-element_type=\"column\" data-e-type=\"column\">\r\n        <div class=\"elementor-widget-wrap elementor-element-populated\">\r\n                     \r\n        \t\t<div class=\"elementor-element elementor-element-103b80c elementor-widget elementor-widget-call-to-action\" data-id=\"103b80c\" data-element_type=\"widget\" data-e-type=\"widget\" data-widget_type=\"call-to-action.default\">\n\t\t\t\t<div class=\"elementor-widget-container\">\n\t\t\t\t\t \t\t\t\t<\/div>\n\t\t\t\t<\/div>\n\t\t            <\/div>\r\n        <\/div>\r\n        \t\t\t<\/div>\n\t\t<\/section>\n\t\t            <\/div>\r\n        <\/div>\r\n        \t\t\t<\/div>\n\t\t<\/section>\n\t\t        <section data-particle_enable=\"false\" data-particle-mobile-disabled=\"false\" class=\"elementor-section elementor-top-section elementor-element elementor-element-4d91e66 elementor-section-boxed elementor-section-height-default elementor-section-height-default pxl-row-scroll-none pxl-zoom-point-false pxl-section-overflow-visible pxl-section-fix-none pxl-bg-color-none pxl-section-overlay-none\" data-id=\"4d91e66\" data-element_type=\"section\" data-e-type=\"section\">\n\n                \n                <div class=\"elementor-container elementor-column-gap-default\">\n                <div class=\"elementor-column elementor-col-100 elementor-top-column elementor-element elementor-element-6943df5 pxl-column-none pxl-column-overflow-hidden-no\" data-id=\"6943df5\" data-element_type=\"column\" data-e-type=\"column\">\r\n        <div class=\"elementor-widget-wrap\">\r\n                     \r\n                    <\/div>\r\n        <\/div>\r\n        \t\t\t<\/div>\n\t\t<\/section>\n\t\t\t\t<\/div>","protected":false},"excerpt":{"rendered":"<p>Consultor\u00eda Emprendedores Alinea tu Prop\u00f3sito. Acelera tu Crecimiento. Hemos dise\u00f1ado el programa SOS (Scale up, Organize, Succeed) para darte el apoyo estrat\u00e9gico que necesitas en las etapas m\u00e1s cr\u00edticas. Ponemos a tu disposici\u00f3n nuestra experiencia y una valiosa red de contactos para impulsar tu proyecto. Proceso del Coaching Liderazgo y Autoconocimiento El \u00e9xito de tu [&hellip;]<\/p>\n","protected":false},"author":1,"featured_media":0,"parent":0,"menu_order":0,"comment_status":"closed","ping_status":"closed","template":"","meta":{"footnotes":""},"class_list":["post-23917","page","type-page","status-publish","hentry"],"_links":{"self":[{"href":"https:\/\/hyde-seek.com\/en\/wp-json\/wp\/v2\/pages\/23917","targetHints":{"allow":["GET"]}}],"collection":[{"href":"https:\/\/hyde-seek.com\/en\/wp-json\/wp\/v2\/pages"}],"about":[{"href":"https:\/\/hyde-seek.com\/en\/wp-json\/wp\/v2\/types\/page"}],"author":[{"embeddable":true,"href":"https:\/\/hyde-seek.com\/en\/wp-json\/wp\/v2\/users\/1"}],"replies":[{"embeddable":true,"href":"https:\/\/hyde-seek.com\/en\/wp-json\/wp\/v2\/comments?post=23917"}],"version-history":[{"count":7,"href":"https:\/\/hyde-seek.com\/en\/wp-json\/wp\/v2\/pages\/23917\/revisions"}],"predecessor-version":[{"id":24095,"href":"https:\/\/hyde-seek.com\/en\/wp-json\/wp\/v2\/pages\/23917\/revisions\/24095"}],"wp:attachment":[{"href":"https:\/\/hyde-seek.com\/en\/wp-json\/wp\/v2\/media?parent=23917"}],"curies":[{"name":"wp","href":"https:\/\/api.w.org\/{rel}","templated":true}]}}