{"id":23944,"date":"2025-08-30T05:23:02","date_gmt":"2025-08-30T05:23:02","guid":{"rendered":"https:\/\/new.hyde-seek.com\/?page_id=23944"},"modified":"2025-09-25T23:24:53","modified_gmt":"2025-09-25T23:24:53","slug":"consejeros","status":"publish","type":"page","link":"https:\/\/hyde-seek.com\/en\/consejeros\/","title":{"rendered":"Board Members"},"content":{"rendered":"<div data-elementor-type=\"wp-page\" data-elementor-id=\"23944\" class=\"elementor elementor-23944\">\n\t\t\t\t        <section data-particle_enable=\"false\" data-particle-mobile-disabled=\"false\" class=\"elementor-section elementor-top-section elementor-element elementor-element-578d28d elementor-section-stretched elementor-section-boxed elementor-section-height-default elementor-section-height-default pxl-row-scroll-none pxl-zoom-point-false pxl-section-overflow-visible pxl-section-fix-none pxl-bg-color-none pxl-section-overlay-none\" data-id=\"578d28d\" data-element_type=\"section\" data-e-type=\"section\" data-settings=\"{&quot;stretch_section&quot;:&quot;section-stretched&quot;}\">\n\n                \n                <div class=\"elementor-container elementor-column-gap-extended\">\n                <div class=\"elementor-column elementor-col-100 elementor-top-column elementor-element elementor-element-b6ed281 pxl-column-none pxl-column-overflow-hidden-no\" data-id=\"b6ed281\" data-element_type=\"column\" data-e-type=\"column\">\r\n        <div class=\"elementor-widget-wrap elementor-element-populated\">\r\n                     \r\n        \t\t<div class=\"elementor-element elementor-element-bb6760a elementor-widget__width-auto elementor-widget-laptop__width-auto elementor-invisible elementor-widget elementor-widget-pxl_heading\" data-id=\"bb6760a\" data-element_type=\"widget\" data-e-type=\"widget\" data-settings=\"{&quot;_animation&quot;:&quot;fadeInUp&quot;}\" data-widget_type=\"pxl_heading.default\">\n\t\t\t\t<div class=\"elementor-widget-container\">\n\t\t\t\t\t\n<div id=\"pxl-pxl_heading-bb6760a-1799\" class=\"pxl-heading  pxl-subtitle-box-3\" >\n\t<div class=\"pxl-heading--container\" >\n\t\t<div class=\"pxl-heading--inner\">\n\t\t\t\t\t\t\t\t\t<h2 class=\"pxl-item--title pxl-heading-default\" data-wow-delay=\"ms\">\n\t\t\t\t            <span class=\"pxl-title--highlight\">\n                Board Members            <\/span>\n        \t\t\t\t\t\n\t\t\t\t\t\t\t<\/h2>\n\t\t<\/div>\n\t\t\n\t<\/div>\n<\/div>\n\t\t\t\t<\/div>\n\t\t\t\t<\/div>\n\t\t\t\t<div class=\"elementor-element elementor-element-c475175 elementor-widget elementor-widget-text-editor\" data-id=\"c475175\" data-element_type=\"widget\" data-e-type=\"widget\" data-widget_type=\"text-editor.default\">\n\t\t\t\t<div class=\"elementor-widget-container\">\n\t\t\t\t\t\t\t\t\t<h3>Connecting Vision and Experience at the Highest Level<\/h3>\t\t\t\t\t\t\t\t<\/div>\n\t\t\t\t<\/div>\n\t\t\t\t<div class=\"elementor-element elementor-element-aca73df elementor-widget elementor-widget-text-editor\" data-id=\"aca73df\" data-element_type=\"widget\" data-e-type=\"widget\" data-widget_type=\"text-editor.default\">\n\t\t\t\t<div class=\"elementor-widget-container\">\n\t\t\t\t\t\t\t\t\t<h5>A Board of Directors is much more than a corporate governance requirement; it is the strategic asset that drives growth, ensures transparency and perpetuates legacy. At Hyde &amp; Seek, we are the architects who bring together the vision of the company with the wisdom and experience of exceptional leaders.<\/h5>\t\t\t\t\t\t\t\t<\/div>\n\t\t\t\t<\/div>\n\t\t            <\/div>\r\n        <\/div>\r\n        \t\t\t<\/div>\n\t\t<\/section>\n\t\t        <section data-particle_enable=\"false\" data-particle-mobile-disabled=\"false\" class=\"elementor-section elementor-top-section elementor-element elementor-element-e10919c elementor-section-stretched elementor-section-boxed elementor-section-height-default elementor-section-height-default pxl-row-scroll-none pxl-zoom-point-false pxl-section-overflow-visible pxl-section-fix-none pxl-bg-color-none pxl-section-overlay-none\" data-id=\"e10919c\" data-element_type=\"section\" data-e-type=\"section\" data-settings=\"{&quot;stretch_section&quot;:&quot;section-stretched&quot;}\">\n\n                \n                <div class=\"elementor-container elementor-column-gap-extended\">\n                <div class=\"elementor-column elementor-col-50 elementor-top-column elementor-element elementor-element-a9e5c83 pxl-column-none pxl-column-overflow-hidden-no\" data-id=\"a9e5c83\" data-element_type=\"column\" data-e-type=\"column\">\r\n        <div class=\"elementor-widget-wrap elementor-element-populated\">\r\n                     \r\n        \t\t<div class=\"elementor-element elementor-element-c441a33 elementor-widget elementor-widget-pxl_heading\" data-id=\"c441a33\" data-element_type=\"widget\" data-e-type=\"widget\" data-widget_type=\"pxl_heading.default\">\n\t\t\t\t<div class=\"elementor-widget-container\">\n\t\t\t\t\t\n<div id=\"pxl-pxl_heading-c441a33-7749\" class=\"pxl-heading  pxl-subtitle-box-3\" >\n\t<div class=\"pxl-heading--container\" >\n\t\t<div class=\"pxl-heading--inner\">\n\t\t\t\t\t\t\t<div class=\"pxl-item--subtitle wow fadeInUp\" data-wow-delay=\"ms\">\n\t\t\t\t\t<span class=\"pxl-item--subtext\">\n\t\t\t\t\t\tFOR COMPANIES\t\t\t\t\t<\/span>\n\t\t\t\t<\/div>\n\t\t\t\t\t\t\t\t\t<h3 class=\"pxl-item--title pxl-heading-default  wow fadeInUp\" data-wow-delay=\"ms\">\n\t\t\t\tWe strengthen your business\t\t\t\t\t\n\t\t\t\t\t\t\t<\/h3>\n\t\t<\/div>\n\t\t\n\t<\/div>\n<\/div>\n\t\t\t\t<\/div>\n\t\t\t\t<\/div>\n\t\t\t\t<div class=\"elementor-element elementor-element-07ee63d elementor-widget elementor-widget-text-editor\" data-id=\"07ee63d\" data-element_type=\"widget\" data-e-type=\"widget\" data-widget_type=\"text-editor.default\">\n\t\t\t\t<div class=\"elementor-widget-container\">\n\t\t\t\t\t\t\t\t\t<h4>Construction of Boards of Directors<\/h4>\t\t\t\t\t\t\t\t<\/div>\n\t\t\t\t<\/div>\n\t\t\t\t<div class=\"elementor-element elementor-element-f54c236 elementor-widget elementor-widget-text-editor\" data-id=\"f54c236\" data-element_type=\"widget\" data-e-type=\"widget\" data-widget_type=\"text-editor.default\">\n\t\t\t\t<div class=\"elementor-widget-container\">\n\t\t\t\t\t\t\t\t\t<p>We work hand in hand with founders, shareholders and CEOs to build together a Board of Directors or Advisory Board that brings trust, external vision and transparency to your company.<\/p><p>\u00a0<\/p><p>Our process focuses on deeply understanding the culture and challenges of your business to find independent advisors who not only enrich the strategic discussion, but also become true guardians of the long-term vision.<\/p>\t\t\t\t\t\t\t\t<\/div>\n\t\t\t\t<\/div>\n\t\t            <\/div>\r\n        <\/div>\r\n                <div class=\"elementor-column elementor-col-50 elementor-top-column elementor-element elementor-element-8cf701a pxl-column-none pxl-column-overflow-hidden-no\" data-id=\"8cf701a\" data-element_type=\"column\" data-e-type=\"column\">\r\n        <div class=\"elementor-widget-wrap elementor-element-populated\">\r\n                     \r\n        \t\t<div class=\"elementor-element elementor-element-fe109b1 elementor-widget elementor-widget-pxl_heading\" data-id=\"fe109b1\" data-element_type=\"widget\" data-e-type=\"widget\" data-widget_type=\"pxl_heading.default\">\n\t\t\t\t<div class=\"elementor-widget-container\">\n\t\t\t\t\t\n<div id=\"pxl-pxl_heading-fe109b1-1588\" class=\"pxl-heading  pxl-subtitle-box-3\" >\n\t<div class=\"pxl-heading--container\" >\n\t\t<div class=\"pxl-heading--inner\">\n\t\t\t\t\t\t\t<div class=\"pxl-item--subtitle wow fadeInUp\" data-wow-delay=\"ms\">\n\t\t\t\t\t<span class=\"pxl-item--subtext\">\n\t\t\t\t\t\tFOR Professionals and Future Advisors\t\t\t\t\t<\/span>\n\t\t\t\t<\/div>\n\t\t\t\t\t\t\t\t\t<h3 class=\"pxl-item--title pxl-heading-default  wow fadeInUp\" data-wow-delay=\"ms\">\n\t\t\t\tWe enhance your career\t\t\t\t\t\n\t\t\t\t\t\t\t<\/h3>\n\t\t<\/div>\n\t\t\n\t<\/div>\n<\/div>\n\t\t\t\t<\/div>\n\t\t\t\t<\/div>\n\t\t\t\t<div class=\"elementor-element elementor-element-d9a930b elementor-widget elementor-widget-text-editor\" data-id=\"d9a930b\" data-element_type=\"widget\" data-e-type=\"widget\" data-widget_type=\"text-editor.default\">\n\t\t\t\t<div class=\"elementor-widget-container\">\n\t\t\t\t\t\t\t\t\t<h4>Prepare to become a Counselor<\/h4>\t\t\t\t\t\t\t\t<\/div>\n\t\t\t\t<\/div>\n\t\t\t\t<div class=\"elementor-element elementor-element-b815b76 elementor-widget elementor-widget-text-editor\" data-id=\"b815b76\" data-element_type=\"widget\" data-e-type=\"widget\" data-widget_type=\"text-editor.default\">\n\t\t\t\t<div class=\"elementor-widget-container\">\n\t\t\t\t\t\t\t\t\t<p>Taking your professional experience to a Board of Directors is the next big step in a leadership career. Our program is designed to prepare and position you for this new stage. We accompany you in a process of self-knowledge and strategy to find the place where your experience is not only valued, but where it integrates seamlessly with the culture and challenges of the company.<\/p>\t\t\t\t\t\t\t\t<\/div>\n\t\t\t\t<\/div>\n\t\t            <\/div>\r\n        <\/div>\r\n        \t\t\t<\/div>\n\t\t<\/section>\n\t\t        <section data-particle_enable=\"false\" data-particle-mobile-disabled=\"false\" class=\"elementor-section elementor-top-section elementor-element elementor-element-bf3020f elementor-section-full_width elementor-section-stretched elementor-section-height-default elementor-section-height-default pxl-row-scroll-none pxl-zoom-point-false pxl-section-overflow-visible pxl-section-fix-none pxl-full-content-with-space-none pxl-bg-color-none pxl-section-overlay-none\" data-id=\"bf3020f\" data-element_type=\"section\" data-e-type=\"section\" data-settings=\"{&quot;stretch_section&quot;:&quot;section-stretched&quot;}\">\n\n                \n                <div class=\"elementor-container elementor-column-gap-extended\">\n                <div class=\"elementor-column elementor-col-50 elementor-top-column elementor-element elementor-element-ea87c03 pxl-column-none pxl-column-overflow-hidden-no\" data-id=\"ea87c03\" data-element_type=\"column\" data-e-type=\"column\" data-settings=\"{&quot;background_background&quot;:&quot;classic&quot;}\">\r\n        <div class=\"elementor-widget-wrap elementor-element-populated\">\r\n                     \r\n        \t\t<div class=\"elementor-element elementor-element-b4f22bc elementor-widget__width-inherit elementor-absolute elementor-widget elementor-widget-pxl_image\" data-id=\"b4f22bc\" data-element_type=\"widget\" data-e-type=\"widget\" data-settings=\"{&quot;_position&quot;:&quot;absolute&quot;}\" data-widget_type=\"pxl_image.default\">\n\t\t\t\t<div class=\"elementor-widget-container\">\n\t\t\t\t\t<div id=\"pxl_image-b4f22bc-3169\"  class=\"pxl-image-single\"  data-wow-delay=\"ms\" \r\n      \r\n          data-parallax-value = \"0\">\r\n    <div class=\"pxl-item--inner\" data-wow-delay=\"120ms\">\r\n                                    <div class=\"pxl-item--image\" >\r\n                                            <img fetchpriority=\"high\" decoding=\"async\" width=\"940\" height=\"886\" src=\"https:\/\/hyde-seek.com\/wp-content\/uploads\/2024\/04\/elipse-14.png\" class=\"no-lazyload attachment-full\" alt=\"\" \/>                                    <\/div>\r\n                                                                    <\/div>\r\n<\/div>\r\n\t\t\t\t<\/div>\n\t\t\t\t<\/div>\n\t\t\t\t<div class=\"elementor-element elementor-element-2b1f8ee elementor-widget elementor-widget-pxl_heading\" data-id=\"2b1f8ee\" data-element_type=\"widget\" data-e-type=\"widget\" data-widget_type=\"pxl_heading.default\">\n\t\t\t\t<div class=\"elementor-widget-container\">\n\t\t\t\t\t\n<div id=\"pxl-pxl_heading-2b1f8ee-1777\" class=\"pxl-heading  pxl-subtitle-box-4\" >\n\t<div class=\"pxl-heading--container\" >\n\t\t<div class=\"pxl-heading--inner\">\n\t\t\t\t\t\t\t\t\t<h2 class=\"pxl-item--title pxl-heading-default  wow fadeInUp\" data-wow-delay=\"ms\">\n\t\t\t\t            <span class=\"pxl-title--highlight\">\n                At the end of our program you will obtain            <\/span>\n        \t\t\t\t\t\n\t\t\t\t\t\t\t<\/h2>\n\t\t<\/div>\n\t\t\n\t<\/div>\n<\/div>\n\t\t\t\t<\/div>\n\t\t\t\t<\/div>\n\t\t\t\t<div class=\"elementor-element elementor-element-5944918 elementor-widget elementor-widget-pxl_icon_box\" data-id=\"5944918\" data-element_type=\"widget\" data-e-type=\"widget\" data-widget_type=\"pxl_icon_box.default\">\n\t\t\t\t<div class=\"elementor-widget-container\">\n\t\t\t\t\t\r\n<div class=\"pxl-icon-box pxl-icon-box1 default\" data-wow-delay=\"ms\">\r\n    <div class=\"pxl-item--inner\">\r\n        <!-- Show icon -->\r\n                    <div class=\"pxl-item--icon\">\r\n                <i aria-hidden=\"true\" class=\"far fa-check-circle\"><\/i>            <\/div>\r\n                \r\n\r\n\r\n        \r\n        <!-- Content -->\r\n        <div class=\"pxl-item--content\">\r\n            <!-- Title -->\r\n            <h3 class=\"pxl-item--title el-empty\">\r\n                Corporate Governance Domain            <\/h3>\r\n            <!-- Description -->\r\n            <div class=\"pxl-item--description el-empty\">\r\n                A deep understanding of how boards work under best practices, what your roles are, your responsibilities and how you can bring strategic value from day one.            <\/div>\r\n            <!-- Link -->\r\n                    <\/div>        \r\n    <\/div>\r\n<\/div>\r\n\r\n\r\n\r\n\r\n\r\n\r\n<!--  -->\r\n\t\t\t\t<\/div>\n\t\t\t\t<\/div>\n\t\t\t\t<div class=\"elementor-element elementor-element-94637f2 elementor-widget elementor-widget-pxl_icon_box\" data-id=\"94637f2\" data-element_type=\"widget\" data-e-type=\"widget\" data-widget_type=\"pxl_icon_box.default\">\n\t\t\t\t<div class=\"elementor-widget-container\">\n\t\t\t\t\t\r\n<div class=\"pxl-icon-box pxl-icon-box1 default\" data-wow-delay=\"ms\">\r\n    <div class=\"pxl-item--inner\">\r\n        <!-- Show icon -->\r\n                    <div class=\"pxl-item--icon\">\r\n                <i aria-hidden=\"true\" class=\"far fa-check-circle\"><\/i>            <\/div>\r\n                \r\n\r\n\r\n        \r\n        <!-- Content -->\r\n        <div class=\"pxl-item--content\">\r\n            <!-- Title -->\r\n            <h3 class=\"pxl-item--title el-empty\">\r\n                Confidence and Security in your Abilities            <\/h3>\r\n            <!-- Description -->\r\n            <div class=\"pxl-item--description el-empty\">\r\n                Through a process of self-knowledge, you will identify and enhance the strengths that make you an ideal candidate, gaining the confidence to position yourself in a forceful way.            <\/div>\r\n            <!-- Link -->\r\n                    <\/div>        \r\n    <\/div>\r\n<\/div>\r\n\r\n\r\n\r\n\r\n\r\n\r\n<!--  -->\r\n\t\t\t\t<\/div>\n\t\t\t\t<\/div>\n\t\t\t\t<div class=\"elementor-element elementor-element-750e4d6 elementor-widget elementor-widget-pxl_icon_box\" data-id=\"750e4d6\" data-element_type=\"widget\" data-e-type=\"widget\" data-widget_type=\"pxl_icon_box.default\">\n\t\t\t\t<div class=\"elementor-widget-container\">\n\t\t\t\t\t\r\n<div class=\"pxl-icon-box pxl-icon-box1 default\" data-wow-delay=\"ms\">\r\n    <div class=\"pxl-item--inner\">\r\n        <!-- Show icon -->\r\n                    <div class=\"pxl-item--icon\">\r\n                <i aria-hidden=\"true\" class=\"far fa-check-circle\"><\/i>            <\/div>\r\n                \r\n\r\n\r\n        \r\n        <!-- Content -->\r\n        <div class=\"pxl-item--content\">\r\n            <!-- Title -->\r\n            <h3 class=\"pxl-item--title el-empty\">\r\n                A Roadmap for your Career            <\/h3>\r\n            <!-- Description -->\r\n            <div class=\"pxl-item--description el-empty\">\r\n                Together we will develop a clear strategy for your next professional step, creating a growth plan that will allow you to achieve your goals, always aligned with your life plan.            <\/div>\r\n            <!-- Link -->\r\n                    <\/div>        \r\n    <\/div>\r\n<\/div>\r\n\r\n\r\n\r\n\r\n\r\n\r\n<!--  -->\r\n\t\t\t\t<\/div>\n\t\t\t\t<\/div>\n\t\t            <\/div>\r\n        <\/div>\r\n                <div class=\"elementor-column elementor-col-50 elementor-top-column elementor-element elementor-element-0f98b28 pxl-column-none pxl-column-overflow-hidden-no\" data-id=\"0f98b28\" data-element_type=\"column\" data-e-type=\"column\">\r\n        <div class=\"elementor-widget-wrap elementor-element-populated\">\r\n                     \r\n        \t\t<div class=\"elementor-element elementor-element-21e75a9 elementor-widget__width-inherit elementor-widget elementor-widget-pxl_video_player\" data-id=\"21e75a9\" data-element_type=\"widget\" data-e-type=\"widget\" data-widget_type=\"pxl_video_player.default\">\n\t\t\t\t<div class=\"elementor-widget-container\">\n\t\t\t\t\t<div class=\"pxl-video-player pxl-video-player1 pxl-video-style1\" >\r\n    <div class=\"pxl-video--inner\">\r\n                            <div class=\"pxl-video--image\">\r\n                <img decoding=\"async\" class=\"\" src=\"https:\/\/hyde-seek.com\/wp-content\/uploads\/2025\/09\/pexels-andrea-piacquadio-3756679-scaled-1-1090x764.jpg\" width=\"1090\" height=\"764\" alt=\"pexels-andrea-piacquadio-3756679-scaled\" title=\"pexels-andrea-piacquadio-3756679-scaled\" \/>            <\/div>\r\n        \r\n        \r\n            <\/div>\r\n<\/div>\t\t\t\t<\/div>\n\t\t\t\t<\/div>\n\t\t        <section data-particle_enable=\"false\" data-particle-mobile-disabled=\"false\" class=\"elementor-section elementor-inner-section elementor-element elementor-element-77b7428 elementor-section-boxed elementor-section-height-default elementor-section-height-default pxl-row-scroll-none pxl-zoom-point-false pxl-section-overflow-visible pxl-section-fix-none pxl-bg-color-none pxl-section-overlay-none\" data-id=\"77b7428\" data-element_type=\"section\" data-e-type=\"section\">\n\n                \n                <div class=\"elementor-container elementor-column-gap-default\">\n                <div class=\"elementor-column elementor-col-100 elementor-inner-column elementor-element elementor-element-2692f6d pxl-column-none pxl-column-overflow-hidden-no\" data-id=\"2692f6d\" data-element_type=\"column\" data-e-type=\"column\">\r\n        <div class=\"elementor-widget-wrap elementor-element-populated\">\r\n                     \r\n        \t\t<div class=\"elementor-element elementor-element-240b0ee elementor-widget elementor-widget-call-to-action\" data-id=\"240b0ee\" data-element_type=\"widget\" data-e-type=\"widget\" data-widget_type=\"call-to-action.default\">\n\t\t\t\t<div class=\"elementor-widget-container\">\n\t\t\t\t\t \t\t\t\t<\/div>\n\t\t\t\t<\/div>\n\t\t            <\/div>\r\n        <\/div>\r\n        \t\t\t<\/div>\n\t\t<\/section>\n\t\t            <\/div>\r\n        <\/div>\r\n        \t\t\t<\/div>\n\t\t<\/section>\n\t\t\t\t<\/div>","protected":false},"excerpt":{"rendered":"<p>Consejeros Conectando Visi\u00f3n y Experiencia al M\u00e1s Alto Nivel Un Consejo de Administraci\u00f3n es mucho m\u00e1s que un requisito de gobierno corporativo; es el activo estrat\u00e9gico que impulsa el crecimiento, asegura la transparencia y perpet\u00faa el legado. En Hyde &amp; Seek, somos los arquitectos que unen la visi\u00f3n de la empresa con la sabidur\u00eda y [&hellip;]<\/p>\n","protected":false},"author":1,"featured_media":0,"parent":0,"menu_order":0,"comment_status":"closed","ping_status":"closed","template":"","meta":{"footnotes":""},"class_list":["post-23944","page","type-page","status-publish","hentry"],"_links":{"self":[{"href":"https:\/\/hyde-seek.com\/en\/wp-json\/wp\/v2\/pages\/23944","targetHints":{"allow":["GET"]}}],"collection":[{"href":"https:\/\/hyde-seek.com\/en\/wp-json\/wp\/v2\/pages"}],"about":[{"href":"https:\/\/hyde-seek.com\/en\/wp-json\/wp\/v2\/types\/page"}],"author":[{"embeddable":true,"href":"https:\/\/hyde-seek.com\/en\/wp-json\/wp\/v2\/users\/1"}],"replies":[{"embeddable":true,"href":"https:\/\/hyde-seek.com\/en\/wp-json\/wp\/v2\/comments?post=23944"}],"version-history":[{"count":10,"href":"https:\/\/hyde-seek.com\/en\/wp-json\/wp\/v2\/pages\/23944\/revisions"}],"predecessor-version":[{"id":24085,"href":"https:\/\/hyde-seek.com\/en\/wp-json\/wp\/v2\/pages\/23944\/revisions\/24085"}],"wp:attachment":[{"href":"https:\/\/hyde-seek.com\/en\/wp-json\/wp\/v2\/media?parent=23944"}],"curies":[{"name":"wp","href":"https:\/\/api.w.org\/{rel}","templated":true}]}}