{"id":23965,"date":"2025-09-18T03:57:55","date_gmt":"2025-09-18T03:57:55","guid":{"rendered":"https:\/\/new.hyde-seek.com\/?page_id=23965"},"modified":"2026-03-10T19:07:11","modified_gmt":"2026-03-10T19:07:11","slug":"tahabata-rodriguez","status":"publish","type":"page","link":"https:\/\/hyde-seek.com\/en\/tahabata-rodriguez\/","title":{"rendered":"Tahabata Rodriguez"},"content":{"rendered":"<div data-elementor-type=\"wp-page\" data-elementor-id=\"23965\" class=\"elementor elementor-23965\">\n\t\t\t\t        <section data-particle_enable=\"false\" data-particle-mobile-disabled=\"false\" class=\"elementor-section elementor-top-section elementor-element elementor-element-3fb8f08 elementor-section-boxed elementor-section-height-default elementor-section-height-default pxl-row-scroll-none pxl-zoom-point-false pxl-section-overflow-visible pxl-section-fix-none pxl-bg-color-none pxl-section-overlay-none\" data-id=\"3fb8f08\" data-element_type=\"section\" data-e-type=\"section\">\n\n                \n                <div class=\"elementor-container elementor-column-gap-extended\">\n                <div class=\"elementor-column elementor-col-50 elementor-top-column elementor-element elementor-element-c48894a pxl-column-none pxl-column-overflow-hidden-no\" data-id=\"c48894a\" data-element_type=\"column\" data-e-type=\"column\">\r\n        <div class=\"elementor-widget-wrap elementor-element-populated\">\r\n                     \r\n        \t\t<div class=\"elementor-element elementor-element-6caae28 elementor-widget__width-inherit elementor-widget elementor-widget-pxl_image\" data-id=\"6caae28\" data-element_type=\"widget\" data-e-type=\"widget\" data-widget_type=\"pxl_image.default\">\n\t\t\t\t<div class=\"elementor-widget-container\">\n\t\t\t\t\t<div id=\"pxl_image-6caae28-8984\"  class=\"pxl-image-single\"  data-wow-delay=\"ms\" \r\n      \r\n          data-parallax-value = \"0\">\r\n    <div class=\"pxl-item--inner\" data-wow-delay=\"120ms\">\r\n                                    <div class=\"pxl-item--image\" >\r\n                                            <img fetchpriority=\"high\" decoding=\"async\" width=\"1280\" height=\"960\" src=\"https:\/\/hyde-seek.com\/wp-content\/uploads\/2025\/09\/WhatsApp-Image-2025-09-08-at-10.08.34-AM.jpeg\" class=\"no-lazyload attachment-full\" alt=\"\" \/>                                    <\/div>\r\n                                                                    <\/div>\r\n<\/div>\r\n\t\t\t\t<\/div>\n\t\t\t\t<\/div>\n\t\t\t\t<div class=\"elementor-element elementor-element-56a5cd3 elementor-hidden-widescreen elementor-hidden-desktop elementor-hidden-laptop elementor-hidden-tablet_extra elementor-hidden-tablet elementor-hidden-mobile_extra elementor-hidden-mobile elementor-widget elementor-widget-pxl_heading\" data-id=\"56a5cd3\" data-element_type=\"widget\" data-e-type=\"widget\" data-widget_type=\"pxl_heading.default\">\n\t\t\t\t<div class=\"elementor-widget-container\">\n\t\t\t\t\t\n<div id=\"pxl-pxl_heading-56a5cd3-2660\" class=\"pxl-heading\" >\n\t<div class=\"pxl-heading--container\" >\n\t\t<div class=\"pxl-heading--inner\">\n\t\t\t\t\t\t\t<div class=\"pxl-item--subtitle\" data-wow-delay=\"ms\">\n\t\t\t\t\t<span class=\"pxl-item--subtext pxl-p1\">\n\t\t\t\t\t\tPhone Number\t\t\t\t\t<\/span>\n\t\t\t\t<\/div>\n\t\t\t\t\t\t\t\t\t<h4 class=\"pxl-item--title pxl-heading-custom\" data-wow-delay=\"ms\">\n\t\t\t\t+123 456 78999\t\t\t\t\t\n\t\t\t\t\t\t\t<\/h4>\n\t\t<\/div>\n\t\t\n\t<\/div>\n<\/div>\n\t\t\t\t<\/div>\n\t\t\t\t<\/div>\n\t\t\t\t<div class=\"elementor-element elementor-element-6d5fc66 elementor-hidden-widescreen elementor-hidden-desktop elementor-hidden-laptop elementor-hidden-tablet_extra elementor-hidden-tablet elementor-hidden-mobile_extra elementor-hidden-mobile elementor-widget elementor-widget-pxl_heading\" data-id=\"6d5fc66\" data-element_type=\"widget\" data-e-type=\"widget\" data-widget_type=\"pxl_heading.default\">\n\t\t\t\t<div class=\"elementor-widget-container\">\n\t\t\t\t\t\n<div id=\"pxl-pxl_heading-6d5fc66-8261\" class=\"pxl-heading\" >\n\t<div class=\"pxl-heading--container\" >\n\t\t<div class=\"pxl-heading--inner\">\n\t\t\t\t\t\t\t<div class=\"pxl-item--subtitle\" data-wow-delay=\"ms\">\n\t\t\t\t\t<span class=\"pxl-item--subtext pxl-p1\">\n\t\t\t\t\t\tAddress\t\t\t\t\t<\/span>\n\t\t\t\t<\/div>\n\t\t\t\t\t\t\t\t\t<h4 class=\"pxl-item--title pxl-heading-custom\" data-wow-delay=\"ms\">\n\t\t\t\t231, Utah Downtown Mall, USA\t\t\t\t\t\n\t\t\t\t\t\t\t<\/h4>\n\t\t<\/div>\n\t\t\n\t<\/div>\n<\/div>\n\t\t\t\t<\/div>\n\t\t\t\t<\/div>\n\t\t            <\/div>\r\n        <\/div>\r\n                <div class=\"elementor-column elementor-col-50 elementor-top-column elementor-element elementor-element-e5e12bf pxl-column-none pxl-column-overflow-hidden-no\" data-id=\"e5e12bf\" data-element_type=\"column\" data-e-type=\"column\">\r\n        <div class=\"elementor-widget-wrap elementor-element-populated\">\r\n                     \r\n        \t\t<div class=\"elementor-element elementor-element-eea40a5 elementor-widget elementor-widget-pxl_heading\" data-id=\"eea40a5\" data-element_type=\"widget\" data-e-type=\"widget\" data-widget_type=\"pxl_heading.default\">\n\t\t\t\t<div class=\"elementor-widget-container\">\n\t\t\t\t\t\n<div id=\"pxl-pxl_heading-eea40a5-8737\" class=\"pxl-heading\" >\n\t<div class=\"pxl-heading--container\" >\n\t\t<div class=\"pxl-heading--inner\">\n\t\t\t\t\t\t\t<div class=\"pxl-item--subtitle\" data-wow-delay=\"ms\">\n\t\t\t\t\t<span class=\"pxl-item--subtext\">\n\t\t\t\t\t\tSr. Consultant - Hyde &amp; Seek\t\t\t\t\t<\/span>\n\t\t\t\t<\/div>\n\t\t\t\t\t\t\t\t\t<h2 class=\"pxl-item--title pxl-heading-custom\" data-wow-delay=\"ms\">\n\t\t\t\tTahabata Rodriguez\t\t\t\t\t\n\t\t\t\t\t\t\t<\/h2>\n\t\t<\/div>\n\t\t\n\t<\/div>\n<\/div>\n\t\t\t\t<\/div>\n\t\t\t\t<\/div>\n\t\t\t\t<div class=\"elementor-element elementor-element-1d3b194 elementor-widget elementor-widget-pxl_heading\" data-id=\"1d3b194\" data-element_type=\"widget\" data-e-type=\"widget\" data-widget_type=\"pxl_heading.default\">\n\t\t\t\t<div class=\"elementor-widget-container\">\n\t\t\t\t\t\n<div id=\"pxl-pxl_heading-1d3b194-2281\" class=\"pxl-heading\" >\n\t<div class=\"pxl-heading--container\" >\n\t\t<div class=\"pxl-heading--inner\">\n\t\t\t\t\t\t\t<div class=\"pxl-item--subtitle\" data-wow-delay=\"ms\">\n\t\t\t\t\t<span class=\"pxl-item--subtext\">\n\t\t\t\t\t\tHello! I am Tahabata Rodriguez, a professional with more than ten years of experience supporting general management in national and international companies. Throughout my career I have specialized in administrative management, organization of executive agendas, travel coordination and optimization of strategic processes, always with a focus on efficiency, discretion and attention to detail.<br>\n\n<br>In addition, I am dedicated to the recruitment and selection of talent, being part of the Hyde&amp;Seek team in the identification of strategic profiles. I enjoy being a bridge between the needs of management and the potential of candidates, ensuring agile and successful hiring processes.\t\t\t\t\t<\/span>\n\t\t\t\t<\/div>\n\t\t\t\t\t\t\t\t\t<h2 class=\"pxl-item--title pxl-heading-default\" data-wow-delay=\"ms\">\n\t\t\t\t\t\t\t\t\t\n\t\t\t\t\t\t\t<\/h2>\n\t\t<\/div>\n\t\t\n\t<\/div>\n<\/div>\n\t\t\t\t<\/div>\n\t\t\t\t<\/div>\n\t\t\t\t<div class=\"elementor-element elementor-element-5058ae5 elementor-widget-divider--view-line elementor-widget elementor-widget-divider\" data-id=\"5058ae5\" data-element_type=\"widget\" data-e-type=\"widget\" data-widget_type=\"divider.default\">\n\t\t\t\t<div class=\"elementor-widget-container\">\n\t\t\t\t\t\t\t<div class=\"elementor-divider\">\n\t\t\t<span class=\"elementor-divider-separator\">\n\t\t\t\t\t\t<\/span>\n\t\t<\/div>\n\t\t\t\t\t\t<\/div>\n\t\t\t\t<\/div>\n\t\t\t\t<div class=\"elementor-element elementor-element-f90a3c7 elementor-widget__width-initial elementor-hidden-widescreen elementor-hidden-desktop elementor-hidden-laptop elementor-hidden-tablet_extra elementor-hidden-tablet elementor-hidden-mobile_extra elementor-hidden-mobile elementor-widget elementor-widget-text-editor\" data-id=\"f90a3c7\" data-element_type=\"widget\" data-e-type=\"widget\" data-widget_type=\"text-editor.default\">\n\t\t\t\t<div class=\"elementor-widget-container\">\n\t\t\t\t\t\t\t\t\t<div class=\"pxl-item--subtitle\" data-wow-delay=\"ms\"><span class=\"pxl-item--subtext pxl-p1\">Email<\/span><\/div><h4 class=\"pxl-item--title pxl-heading-custom\" data-wow-delay=\"ms\">paula@hyde-seek.com<\/h4>\t\t\t\t\t\t\t\t<\/div>\n\t\t\t\t<\/div>\n\t\t\t\t<div class=\"elementor-element elementor-element-54d8504 elementor-widget__width-auto elementor-widget elementor-widget-pxl_social_share\" data-id=\"54d8504\" data-element_type=\"widget\" data-e-type=\"widget\" data-widget_type=\"pxl_social_share.default\">\n\t\t\t\t<div class=\"elementor-widget-container\">\n\t\t\t\t\t\r\n<div class=\"pxl-social-share style-round-box3 hover-default pxl-layout-horizontal\" data-wow-delay=\"ms\">\r\n    <div class=\"pxl-social--inner\">\r\n                <div class=\"pxl-items\" >\r\n                                <a class=\"pxl-item pxl-link pxl-white\" href=\"https:\/\/www.facebook.com\/HnSpeoplegrow\/\">\r\n                        <i aria-hidden=\"true\" class=\"fab fa-facebook-f\"><\/i>                    <\/a>\r\n                                    <a class=\"pxl-item pxl-link pxl-white\" href=\"https:\/\/www.instagram.com\/hydeandseek.exec\/\">\r\n                        <i aria-hidden=\"true\" class=\"fab fa-instagram\"><\/i>                    <\/a>\r\n                                    <a class=\"pxl-item pxl-link pxl-white\" href=\"https:\/\/www.linkedin.com\/in\/victoriahyde\/\">\r\n                        <i aria-hidden=\"true\" class=\"fab fa-linkedin-in\"><\/i>                    <\/a>\r\n                                    <\/div>\r\n    <\/div>\r\n<\/div>\r\n\r\n\t\t\t\t<\/div>\n\t\t\t\t<\/div>\n\t\t\t\t<div class=\"elementor-element elementor-element-1cc1581 elementor-hidden-widescreen elementor-hidden-desktop elementor-hidden-laptop elementor-hidden-tablet_extra elementor-hidden-tablet elementor-hidden-mobile_extra elementor-hidden-mobile elementor-widget elementor-widget-pxl_heading\" data-id=\"1cc1581\" data-element_type=\"widget\" data-e-type=\"widget\" data-widget_type=\"pxl_heading.default\">\n\t\t\t\t<div class=\"elementor-widget-container\">\n\t\t\t\t\t\n<div id=\"pxl-pxl_heading-1cc1581-2767\" class=\"pxl-heading\" >\n\t<div class=\"pxl-heading--container\" >\n\t\t<div class=\"pxl-heading--inner\">\n\t\t\t\t\t\t\t<div class=\"pxl-item--subtitle\" data-wow-delay=\"ms\">\n\t\t\t\t\t<span class=\"pxl-item--subtext\">\n\t\t\t\t\t\tLorem ipsum dolor sit amet, consecter adipiscing elit sed do eiusmod tempor incididunt ut labore aliqua. Ut enim ad minim veniam, quis nostrud exercitatioullamco laboris nisi ut aliquip ex ea comm Duis aute irurerit in voluptate velit esse dolore.\t\t\t\t\t<\/span>\n\t\t\t\t<\/div>\n\t\t\t\t\t\t\t\t\t<h3 class=\"pxl-item--title pxl-heading-style-3\" data-wow-delay=\"ms\">\n\t\t\t\tEducational Qualification\t\t\t\t\t\n\t\t\t\t\t\t\t<\/h3>\n\t\t<\/div>\n\t\t\n\t<\/div>\n<\/div>\n\t\t\t\t<\/div>\n\t\t\t\t<\/div>\n\t\t\t\t<div class=\"elementor-element elementor-element-77c3c19 elementor-widget__width-initial elementor-widget-tablet_extra__width-inherit elementor-hidden-widescreen elementor-hidden-desktop elementor-hidden-laptop elementor-hidden-tablet_extra elementor-hidden-tablet elementor-hidden-mobile_extra elementor-hidden-mobile elementor-widget elementor-widget-pxl_icon_box\" data-id=\"77c3c19\" data-element_type=\"widget\" data-e-type=\"widget\" data-widget_type=\"pxl_icon_box.default\">\n\t\t\t\t<div class=\"elementor-widget-container\">\n\t\t\t\t\t\r\n<div class=\"pxl-icon-box pxl-icon-box1 round-box-icon4\" data-wow-delay=\"ms\">\r\n    <div class=\"pxl-item--inner\">\r\n        <!-- Show icon -->\r\n                \r\n\r\n\r\n                    <div class=\"pxl-item--icon pxl-item--index h5 pxl-white pxl-bg-dark-300\">1<\/div>\r\n        \r\n        <!-- Content -->\r\n        <div class=\"pxl-item--content\">\r\n            <!-- Title -->\r\n            <h5 class=\"pxl-item--title el-empty\">\r\n                School Education            <\/h5>\r\n            <!-- Description -->\r\n            <div class=\"pxl-item--description el-empty\">\r\n                Lorem ipsum dolor amet consectet adipiscing elit, sed eiusmod tempor incididunt ut labore et.            <\/div>\r\n            <!-- Link -->\r\n                    <\/div>        \r\n    <\/div>\r\n<\/div>\r\n\r\n\r\n\r\n\r\n\r\n\r\n<!--  -->\r\n\t\t\t\t<\/div>\n\t\t\t\t<\/div>\n\t\t\t\t<div class=\"elementor-element elementor-element-d04ecfd elementor-widget__width-initial elementor-widget-tablet_extra__width-inherit elementor-hidden-widescreen elementor-hidden-desktop elementor-hidden-laptop elementor-hidden-tablet_extra elementor-hidden-tablet elementor-hidden-mobile_extra elementor-hidden-mobile elementor-widget elementor-widget-pxl_icon_box\" data-id=\"d04ecfd\" data-element_type=\"widget\" data-e-type=\"widget\" data-widget_type=\"pxl_icon_box.default\">\n\t\t\t\t<div class=\"elementor-widget-container\">\n\t\t\t\t\t\r\n<div class=\"pxl-icon-box pxl-icon-box1 round-box-icon4\" data-wow-delay=\"ms\">\r\n    <div class=\"pxl-item--inner\">\r\n        <!-- Show icon -->\r\n                \r\n\r\n\r\n                    <div class=\"pxl-item--icon pxl-item--index h5 pxl-white pxl-bg-dark-300\">3<\/div>\r\n        \r\n        <!-- Content -->\r\n        <div class=\"pxl-item--content\">\r\n            <!-- Title -->\r\n            <h5 class=\"pxl-item--title el-empty\">\r\n                Graduation            <\/h5>\r\n            <!-- Description -->\r\n            <div class=\"pxl-item--description el-empty\">\r\n                Lorem ipsum dolor amet consectet adipiscing elit, sed eiusmod tempor incididunt ut labore et.            <\/div>\r\n            <!-- Link -->\r\n                    <\/div>        \r\n    <\/div>\r\n<\/div>\r\n\r\n\r\n\r\n\r\n\r\n\r\n<!--  -->\r\n\t\t\t\t<\/div>\n\t\t\t\t<\/div>\n\t\t\t\t<div class=\"elementor-element elementor-element-035b9da elementor-hidden-widescreen elementor-hidden-desktop elementor-hidden-laptop elementor-hidden-tablet_extra elementor-hidden-tablet elementor-hidden-mobile_extra elementor-hidden-mobile elementor-widget elementor-widget-pxl_heading\" data-id=\"035b9da\" data-element_type=\"widget\" data-e-type=\"widget\" data-widget_type=\"pxl_heading.default\">\n\t\t\t\t<div class=\"elementor-widget-container\">\n\t\t\t\t\t\n<div id=\"pxl-pxl_heading-035b9da-1707\" class=\"pxl-heading\" >\n\t<div class=\"pxl-heading--container\" >\n\t\t<div class=\"pxl-heading--inner\">\n\t\t\t\t\t\t\t<div class=\"pxl-item--subtitle\" data-wow-delay=\"ms\">\n\t\t\t\t\t<span class=\"pxl-item--subtext\">\n\t\t\t\t\t\tLorem ipsum dolor sit amet, consecter adipiscing elit sed do eiusmod tempor incididunt ut labore aliqua. Ut enim ad minim veniam, quis nostrud exercitatioullamco laboris nisi ut aliquip ex ea comm Duis aute irurerit in voluptate velit esse dolore.\t\t\t\t\t<\/span>\n\t\t\t\t<\/div>\n\t\t\t\t\t\t\t\t\t<h3 class=\"pxl-item--title pxl-heading-style-3\" data-wow-delay=\"ms\">\n\t\t\t\tProfessional Skills\t\t\t\t\t\n\t\t\t\t\t\t\t<\/h3>\n\t\t<\/div>\n\t\t\n\t<\/div>\n<\/div>\n\t\t\t\t<\/div>\n\t\t\t\t<\/div>\n\t\t\t\t<div class=\"elementor-element elementor-element-7652f56 elementor-hidden-widescreen elementor-hidden-desktop elementor-hidden-laptop elementor-hidden-tablet_extra elementor-hidden-tablet elementor-hidden-mobile_extra elementor-hidden-mobile elementor-widget elementor-widget-pxl_progressbar\" data-id=\"7652f56\" data-element_type=\"widget\" data-e-type=\"widget\" data-settings=\"{&quot;_animation&quot;:&quot;none&quot;}\" data-widget_type=\"pxl_progressbar.default\">\n\t\t\t\t<div class=\"elementor-widget-container\">\n\t\t\t\t\t    <div class=\"pxl-progressbar pxl-progressbar-1  pxl-d-  pxl-progressbar-\">\n                    <div class=\"pxl--item\" data-wow-delay=\"ms\">\n                <div class=\"pxl--meta\">\n                    <h5 class=\"pxl--title el-empty pxl-mr-20 pxl-dark-100\">Financial Reporting<\/h5>\n                    <div class=\"pxl--percentage pxl-dark-100 h6\">92%<\/div>\n                <\/div>\n                <div class=\"pxl-progressbar--wrap\">\n                    <div class=\"pxl--progressbar\" role=\"progressbar\" data-valuetransitiongoal=\"92\"><\/div>\n                <\/div>\n            <\/div>\n                    <div class=\"pxl--item\" data-wow-delay=\"ms\">\n                <div class=\"pxl--meta\">\n                    <h5 class=\"pxl--title el-empty pxl-mr-20 pxl-dark-100\">Management Evaluation<\/h5>\n                    <div class=\"pxl--percentage pxl-dark-100 h6\">80%<\/div>\n                <\/div>\n                <div class=\"pxl-progressbar--wrap\">\n                    <div class=\"pxl--progressbar\" role=\"progressbar\" data-valuetransitiongoal=\"80\"><\/div>\n                <\/div>\n            <\/div>\n                    <div class=\"pxl--item\" data-wow-delay=\"ms\">\n                <div class=\"pxl--meta\">\n                    <h5 class=\"pxl--title el-empty pxl-mr-20 pxl-dark-100\">Projection Analysis<\/h5>\n                    <div class=\"pxl--percentage pxl-dark-100 h6\">92%<\/div>\n                <\/div>\n                <div class=\"pxl-progressbar--wrap\">\n                    <div class=\"pxl--progressbar\" role=\"progressbar\" data-valuetransitiongoal=\"92\"><\/div>\n                <\/div>\n            <\/div>\n            <\/div>\n\t\t\t\t<\/div>\n\t\t\t\t<\/div>\n\t\t\t\t<div class=\"elementor-element elementor-element-5b7f73a elementor-hidden-widescreen elementor-hidden-desktop elementor-hidden-laptop elementor-hidden-tablet_extra elementor-hidden-tablet elementor-hidden-mobile_extra elementor-hidden-mobile elementor-widget elementor-widget-pxl_heading\" data-id=\"5b7f73a\" data-element_type=\"widget\" data-e-type=\"widget\" data-widget_type=\"pxl_heading.default\">\n\t\t\t\t<div class=\"elementor-widget-container\">\n\t\t\t\t\t\n<div id=\"pxl-pxl_heading-5b7f73a-4997\" class=\"pxl-heading\" >\n\t<div class=\"pxl-heading--container\" >\n\t\t<div class=\"pxl-heading--inner\">\n\t\t\t\t\t\t\t<div class=\"pxl-item--subtitle\" data-wow-delay=\"ms\">\n\t\t\t\t\t<span class=\"pxl-item--subtext\">\n\t\t\t\t\t\tLorem ipsum dolor sit amet, consecter adipiscing elit sed do eiusmod tempor incididunt ut labore aliqua. Ut enim ad minim veniam, quis nostrud exercitatioullamco laboris nisi ut aliquip ex ea comm Duis aute irurerit in voluptate velit esse dolore.\t\t\t\t\t<\/span>\n\t\t\t\t<\/div>\n\t\t\t\t\t\t\t\t\t<h3 class=\"pxl-item--title pxl-heading-style-3\" data-wow-delay=\"ms\">\n\t\t\t\tAwards\t\t\t\t\t\n\t\t\t\t\t\t\t<\/h3>\n\t\t<\/div>\n\t\t\n\t<\/div>\n<\/div>\n\t\t\t\t<\/div>\n\t\t\t\t<\/div>\n\t\t\t\t<div class=\"elementor-element elementor-element-8a86a9a elementor-hidden-widescreen elementor-hidden-desktop elementor-hidden-laptop elementor-hidden-tablet_extra elementor-hidden-tablet elementor-hidden-mobile_extra elementor-hidden-mobile elementor-widget elementor-widget-pxl_list\" data-id=\"8a86a9a\" data-element_type=\"widget\" data-e-type=\"widget\" data-widget_type=\"pxl_list.default\">\n\t\t\t\t<div class=\"elementor-widget-container\">\n\t\t\t\t\t\r\n    <div class=\"pxl-list list-default\" data-wow-delay=\"ms\">\r\n        <div class=\"pxl-item--container\">\r\n            <div class=\"pxl-item--inner\">\r\n                                <ul class=\"pxl-item--lists\">\r\n                                                                    <li class=\"pxl-item elementor-repeater-item-d2d9bc2\">\r\n                                                            <div class=\"pxl-item--icon\">\r\n                                    <i class=\"flaticon flaticon-bullet-tick\"><\/i>\r\n                                <\/div>\r\n                                                                                        <div class=\"pxl-item--content\">\r\n                                    Employee of the month                                <\/div>\r\n                                                    <\/li>\r\n                                                                    <li class=\"pxl-item elementor-repeater-item-f0c3335\">\r\n                                                            <div class=\"pxl-item--icon\">\r\n                                    <i class=\"flaticon flaticon-bullet-tick\"><\/i>\r\n                                <\/div>\r\n                                                                                        <div class=\"pxl-item--content\">\r\n                                    Best Employee 2022                                <\/div>\r\n                                                    <\/li>\r\n                                                                    <li class=\"pxl-item elementor-repeater-item-e990019\">\r\n                                                            <div class=\"pxl-item--icon\">\r\n                                    <i class=\"flaticon flaticon-bullet-tick\"><\/i>\r\n                                <\/div>\r\n                                                                                        <div class=\"pxl-item--content\">\r\n                                    Best Employee 2021                                <\/div>\r\n                                                    <\/li>\r\n                                    <\/ul>\r\n            <\/div>\r\n        <\/div>\r\n    <\/div>\r\n\t\t\t\t<\/div>\n\t\t\t\t<\/div>\n\t\t            <\/div>\r\n        <\/div>\r\n        \t\t\t<\/div>\n\t\t<\/section>\n\t\t\t\t<\/div>","protected":false},"excerpt":{"rendered":"<p>Phone Number +123 456 78999 Address 231, Utah Downtown Mall, USA Sr. Consultant &#8211; Hyde &#038; Seek Tahabata Rodr\u00edguez \u00a1Hola! Soy Tahabata Rodr\u00edguez, una profesional con m\u00e1s de diez a\u00f1os de experiencia apoyando a direcciones generales en empresas nacionales e internacionales. A lo largo de mi carrera me he especializado en la gesti\u00f3n administrativa, la [&hellip;]<\/p>\n","protected":false},"author":1,"featured_media":0,"parent":0,"menu_order":0,"comment_status":"closed","ping_status":"closed","template":"","meta":{"footnotes":""},"class_list":["post-23965","page","type-page","status-publish","hentry"],"_links":{"self":[{"href":"https:\/\/hyde-seek.com\/en\/wp-json\/wp\/v2\/pages\/23965","targetHints":{"allow":["GET"]}}],"collection":[{"href":"https:\/\/hyde-seek.com\/en\/wp-json\/wp\/v2\/pages"}],"about":[{"href":"https:\/\/hyde-seek.com\/en\/wp-json\/wp\/v2\/types\/page"}],"author":[{"embeddable":true,"href":"https:\/\/hyde-seek.com\/en\/wp-json\/wp\/v2\/users\/1"}],"replies":[{"embeddable":true,"href":"https:\/\/hyde-seek.com\/en\/wp-json\/wp\/v2\/comments?post=23965"}],"version-history":[{"count":13,"href":"https:\/\/hyde-seek.com\/en\/wp-json\/wp\/v2\/pages\/23965\/revisions"}],"predecessor-version":[{"id":24250,"href":"https:\/\/hyde-seek.com\/en\/wp-json\/wp\/v2\/pages\/23965\/revisions\/24250"}],"wp:attachment":[{"href":"https:\/\/hyde-seek.com\/en\/wp-json\/wp\/v2\/media?parent=23965"}],"curies":[{"name":"wp","href":"https:\/\/api.w.org\/{rel}","templated":true}]}}